{"id":3544,"date":"2021-04-15T11:02:39","date_gmt":"2021-04-15T09:02:39","guid":{"rendered":"https:\/\/www.confcommerciopavia.it\/?post_type=product&#038;p=3544"},"modified":"2021-04-29T17:25:05","modified_gmt":"2021-04-29T15:25:05","slug":"compliance-breve-protezione-dei-diritti-umani","status":"publish","type":"product","link":"https:\/\/www.confcommerciopavia.it\/?product=compliance-breve-protezione-dei-diritti-umani","title":{"rendered":"COMPLIANCE BREVE: Protezione dei diritti umani"},"content":{"rendered":"<p><\/p>\n","protected":false},"excerpt":{"rendered":"<div class=\"row padding-left-40\">\n<div class=\"catalogo-right-header-title1\">\n<div class=\"row mrg-bottom-20\">\n<p><strong>DURATA DEL CORSO: <\/strong>\u00a00,1 ORE<strong><br \/>MODALIT\u00c0: <\/strong>e-Learning<br \/><strong>PDF:<\/strong> Scarica allegato<\/p>\n<p>I governi e le aziende diventano sempre pi\u00f9 consapevoli della prevalenza delle violazioni dei diritti umani in tutto il mondo, adottando misure per prevenire attivit\u00e0 come la tratta di esseri umani, il lavoro forzato e altre forme di schiavit\u00f9 moderna. Tutti i dipendenti devono avere una conoscenza di base di ci\u00f2 che \u00e8 la schiavit\u00f9 moderna e di come le aziende possono implementare strategie per abolirla.<\/p>\n<p>Il corso \u00e8 stato sviluppato in collaborazione con Gordon Dadds LLP. Nota: il materiale e i contenuti del corso hanno scopo puramente informativo e non sono da intendersi come un parere legale e possono o meno rispecchiare gli sviluppi legali pi\u00f9 recenti. Nessuna informazione contenuta nel presente documento o nei materiali del corso \u00e8 da ritenersi espressione di un parere professionale in riferimento a qualsiasi situazione specifica, n\u00e9 costituisce un parere legale sulla conformit\u00e0 in riferimento a statuti legali o decreti ministeriali. Gordon Dadds LLP declina ogni responsabilit\u00e0 per i contenuti esposti, su cui \u00e8 proibito e a rischio dell\u0092utente fare affidamento. La trasmissione e la ricezione di informazioni non sono da intendersi come l\u0092avvio di una relazione tra cliente e avvocato. Si consiglia ai lettori di non agire in base alle informazioni qui fornite senza prima richiedere un adeguato parere legale indipendente.<\/p>\n<\/div>\n<\/div>\n<\/div>\n","protected":false},"featured_media":4287,"template":"","meta":[],"product_brand":[],"product_cat":[93],"product_tag":[104],"class_list":{"0":"post-3544","1":"product","2":"type-product","3":"status-publish","4":"has-post-thumbnail","6":"product_cat-legal-compliance","7":"product_tag-compliance-short-series","9":"first","10":"instock","11":"taxable","12":"shipping-taxable","13":"purchasable","14":"product-type-simple"},"_links":{"self":[{"href":"https:\/\/www.confcommerciopavia.it\/index.php?rest_route=\/wp\/v2\/product\/3544","targetHints":{"allow":["GET"]}}],"collection":[{"href":"https:\/\/www.confcommerciopavia.it\/index.php?rest_route=\/wp\/v2\/product"}],"about":[{"href":"https:\/\/www.confcommerciopavia.it\/index.php?rest_route=\/wp\/v2\/types\/product"}],"wp:featuredmedia":[{"embeddable":true,"href":"https:\/\/www.confcommerciopavia.it\/index.php?rest_route=\/wp\/v2\/media\/4287"}],"wp:attachment":[{"href":"https:\/\/www.confcommerciopavia.it\/index.php?rest_route=%2Fwp%2Fv2%2Fmedia&parent=3544"}],"wp:term":[{"taxonomy":"product_brand","embeddable":true,"href":"https:\/\/www.confcommerciopavia.it\/index.php?rest_route=%2Fwp%2Fv2%2Fproduct_brand&post=3544"},{"taxonomy":"product_cat","embeddable":true,"href":"https:\/\/www.confcommerciopavia.it\/index.php?rest_route=%2Fwp%2Fv2%2Fproduct_cat&post=3544"},{"taxonomy":"product_tag","embeddable":true,"href":"https:\/\/www.confcommerciopavia.it\/index.php?rest_route=%2Fwp%2Fv2%2Fproduct_tag&post=3544"}],"curies":[{"name":"wp","href":"https:\/\/api.w.org\/{rel}","templated":true}]}}