{"id":4041,"date":"2021-04-28T09:54:30","date_gmt":"2021-04-28T07:54:30","guid":{"rendered":"https:\/\/www.confcommerciopavia.it\/?post_type=product&#038;p=4041"},"modified":"2021-04-28T09:57:28","modified_gmt":"2021-04-28T07:57:28","slug":"basi-di-leadership-costruire-la-propria-influenza-come-leader","status":"publish","type":"product","link":"https:\/\/www.confcommerciopavia.it\/?product=basi-di-leadership-costruire-la-propria-influenza-come-leader","title":{"rendered":"Basi di leadership: Costruire la propria influenza come leader"},"content":{"rendered":"<p><\/p>\n","protected":false},"excerpt":{"rendered":"<div class=\"row padding-left-40\">\n<div class=\"catalogo-right-header-title1\">\n<div class=\"row mrg-bottom-20\">\n<p><strong>DURATA DEL CORSO: <\/strong>\u00a01 ORE<strong><br \/>MODALIT\u00c0: <\/strong>e-Learning<br \/><strong>PDF:<\/strong> <a data-mce-href=\"https:\/\/www.confcommerciopavia.it\/wp-content\/uploads\/2021\/04\/0SSK504_ASSO.pdf\" href=\"https:\/\/www.confcommerciopavia.it\/wp-content\/uploads\/2021\/04\/0SSK504_ASSO.pdf\">Scarica allegato<\/a><\/p>\n<p>Perch\u00e9 \u00e8 cos\u00ec difficile far accettare alla gente una buona idea? Perch\u00e9 alcuni leader devono costantemente affrontare sfide e obiezioni? Raggiungere il consenso in quanto leader non significa che si dovrebbero manipolare gli altri o forzarli ad accettare le proprie ideee per raggiungere i propri obiettivi; vi sono metodi etici attraverso i quali i leader possono ottenere con successo un certo ascendente. I leader che tentano di influenzare e persuadere gli altri devono affrontare la sfida di destreggiarsi tra le politiche aziendali. Un leader efficace riconosce che le politiche aziendali possono fornire modi positivi di influenzare gli altri per raggiungere degli obiettivi. Questo corso costituir\u00e0 un guida attraverso numerosi metodi e strategie per influenzare con successo un team e fargli accettare le tue idee. Verranno illustrate l&#8217;importanza della coscienza politica, le abilit\u00e0 essenziali coinvolte nell&#8217;utilizzo delle politiche positive e la capacit\u00e0 di evitare politiche negative quando si tenta di persuadere gli altri. Avrai anche l&#8217;opportunit\u00e0 di provare i metodi per influenzare in modo efficace ed etico.<\/p>\n<p><strong>DESTINATARI<\/strong><br \/>Supervisori, manager, direttori e singoli che desiderino sviluppare le loro abilit\u00e0 di leadership<\/p>\n<\/div>\n<\/div>\n<\/div>\n","protected":false},"featured_media":3634,"template":"","meta":[],"product_brand":[],"product_cat":[119,92],"product_tag":[180],"class_list":{"0":"post-4041","1":"product","2":"type-product","3":"status-publish","4":"has-post-thumbnail","6":"product_cat-management-and-leadership","7":"product_cat-softskills","8":"product_tag-management-and-leadership","10":"first","11":"instock","12":"taxable","13":"shipping-taxable","14":"purchasable","15":"product-type-simple"},"_links":{"self":[{"href":"https:\/\/www.confcommerciopavia.it\/index.php?rest_route=\/wp\/v2\/product\/4041","targetHints":{"allow":["GET"]}}],"collection":[{"href":"https:\/\/www.confcommerciopavia.it\/index.php?rest_route=\/wp\/v2\/product"}],"about":[{"href":"https:\/\/www.confcommerciopavia.it\/index.php?rest_route=\/wp\/v2\/types\/product"}],"wp:featuredmedia":[{"embeddable":true,"href":"https:\/\/www.confcommerciopavia.it\/index.php?rest_route=\/wp\/v2\/media\/3634"}],"wp:attachment":[{"href":"https:\/\/www.confcommerciopavia.it\/index.php?rest_route=%2Fwp%2Fv2%2Fmedia&parent=4041"}],"wp:term":[{"taxonomy":"product_brand","embeddable":true,"href":"https:\/\/www.confcommerciopavia.it\/index.php?rest_route=%2Fwp%2Fv2%2Fproduct_brand&post=4041"},{"taxonomy":"product_cat","embeddable":true,"href":"https:\/\/www.confcommerciopavia.it\/index.php?rest_route=%2Fwp%2Fv2%2Fproduct_cat&post=4041"},{"taxonomy":"product_tag","embeddable":true,"href":"https:\/\/www.confcommerciopavia.it\/index.php?rest_route=%2Fwp%2Fv2%2Fproduct_tag&post=4041"}],"curies":[{"name":"wp","href":"https:\/\/api.w.org\/{rel}","templated":true}]}}