{"id":4049,"date":"2021-04-28T12:28:47","date_gmt":"2021-04-28T10:28:47","guid":{"rendered":"https:\/\/www.confcommerciopavia.it\/?post_type=product&#038;p=4049"},"modified":"2021-04-28T12:30:31","modified_gmt":"2021-04-28T10:30:31","slug":"basi-di-leadership-guidare-il-cambiamento","status":"publish","type":"product","link":"https:\/\/www.confcommerciopavia.it\/?product=basi-di-leadership-guidare-il-cambiamento","title":{"rendered":"Basi di leadership: Guidare il cambiamento"},"content":{"rendered":"<p><\/p>\n","protected":false},"excerpt":{"rendered":"<div class=\"row padding-left-40\">\n<div class=\"catalogo-right-header-title1\">\n<div class=\"row mrg-bottom-20\">\n<p><strong>DURATA DEL CORSO: <\/strong>\u00a01 ORE<strong><br \/>MODALIT\u00c0: <\/strong>e-Learning<br \/><strong>PDF:<\/strong> <a data-mce-href=\"https:\/\/www.confcommerciopavia.it\/wp-content\/uploads\/2021\/04\/0SSK508_ASSO.pdf\" href=\"https:\/\/www.confcommerciopavia.it\/wp-content\/uploads\/2021\/04\/0SSK508_ASSO.pdf\">Scarica allegato<\/a><\/p>\n<p>Il cambiamento non \u00e8 un evento; \u00e8 un processo. Il cambiamento pu\u00f2 avvenire velocemente e, in alcune situazioni, pu\u00f2 essere urgente! Tuttavia, occorre del tempo agli individui per cambiare metodo di lavoro. Il processo di cambiamento non implica semplicemente introdurre nuovi sistemi, ma consiste nel guidare le persone verso un nuovo metodo di lavoro, ed \u00e8 vitale guidare il cambiamento fino al compimento! \u00c8 importante riconoscere che il tuo ruolo \u00e8 sostenere i singoli durante la transizione e rimuovere gli ostacoli che possono intralciare un&#8217;agevole transizione da un processo all&#8217;altro. Questo corso fornisce le strategie per guidare i cambiamenti all&#8217;interno di un&#8217;organizzazione, inclusi efficaci approcci per introdurre e comunicare il cambiamento. Fornisce inoltre concrete strategie su come trattare le origini della resistenza dei dipendenti al cambiamento e per rimuovere ostacoli organizzativi al fine di assicurare il compimento della transizione.<\/p>\n<p><strong>DESTINATARI<\/strong><br \/>Supervisori, manager, direttori e singoli che desiderino sviluppare le loro abilit\u00e0 di leadership<\/p>\n<\/div>\n<\/div>\n<\/div>\n","protected":false},"featured_media":3634,"template":"","meta":[],"product_brand":[],"product_cat":[119,92],"product_tag":[180],"class_list":{"0":"post-4049","1":"product","2":"type-product","3":"status-publish","4":"has-post-thumbnail","6":"product_cat-management-and-leadership","7":"product_cat-softskills","8":"product_tag-management-and-leadership","10":"first","11":"instock","12":"taxable","13":"shipping-taxable","14":"purchasable","15":"product-type-simple"},"_links":{"self":[{"href":"https:\/\/www.confcommerciopavia.it\/index.php?rest_route=\/wp\/v2\/product\/4049","targetHints":{"allow":["GET"]}}],"collection":[{"href":"https:\/\/www.confcommerciopavia.it\/index.php?rest_route=\/wp\/v2\/product"}],"about":[{"href":"https:\/\/www.confcommerciopavia.it\/index.php?rest_route=\/wp\/v2\/types\/product"}],"wp:featuredmedia":[{"embeddable":true,"href":"https:\/\/www.confcommerciopavia.it\/index.php?rest_route=\/wp\/v2\/media\/3634"}],"wp:attachment":[{"href":"https:\/\/www.confcommerciopavia.it\/index.php?rest_route=%2Fwp%2Fv2%2Fmedia&parent=4049"}],"wp:term":[{"taxonomy":"product_brand","embeddable":true,"href":"https:\/\/www.confcommerciopavia.it\/index.php?rest_route=%2Fwp%2Fv2%2Fproduct_brand&post=4049"},{"taxonomy":"product_cat","embeddable":true,"href":"https:\/\/www.confcommerciopavia.it\/index.php?rest_route=%2Fwp%2Fv2%2Fproduct_cat&post=4049"},{"taxonomy":"product_tag","embeddable":true,"href":"https:\/\/www.confcommerciopavia.it\/index.php?rest_route=%2Fwp%2Fv2%2Fproduct_tag&post=4049"}],"curies":[{"name":"wp","href":"https:\/\/api.w.org\/{rel}","templated":true}]}}