{"id":4059,"date":"2021-04-28T12:37:39","date_gmt":"2021-04-28T10:37:39","guid":{"rendered":"https:\/\/www.confcommerciopavia.it\/?post_type=product&#038;p=4059"},"modified":"2021-04-28T12:39:14","modified_gmt":"2021-04-28T10:39:14","slug":"gestire-le-e-mail","status":"publish","type":"product","link":"https:\/\/www.confcommerciopavia.it\/?product=gestire-le-e-mail","title":{"rendered":"Gestire le e-mail"},"content":{"rendered":"<p><\/p>\n","protected":false},"excerpt":{"rendered":"<div class=\"row padding-left-40\">\n<div class=\"catalogo-right-header-title1\">\n<div class=\"row mrg-bottom-20\">\n<p><strong>DURATA DEL CORSO: <\/strong>\u00a01 ORE<strong><br \/>MODALIT\u00c0: <\/strong>e-Learning<br \/><strong>PDF:<\/strong> <a data-mce-href=\"https:\/\/www.confcommerciopavia.it\/wp-content\/uploads\/2021\/04\/0SSK513_ASSO.pdf\" href=\"https:\/\/www.confcommerciopavia.it\/wp-content\/uploads\/2021\/04\/0SSK513_ASSO.pdf\">Scarica allegato<\/a><\/p>\n<p>Indubbiamente, le e-mail hanno introdotto numerosi vantaggi nella nostra vita. Eppure, esse hanno anche incrementato significativamente il volume di comunicazioni e informazioni che un impiegato medio \u00e8 costretto a gestire ogni giorno. Per farcela alla meglio, \u00e8 necessario riuscire a ultimare nell&#8217;arco della giornata lavorativa tutte le attivit\u00e0 di ordinamento, archiviazione, risposta o eliminazione associate alle e-mail pervenute nel corso della stessa. Tuttavia, in che modo coniugare questa attivit\u00e0 cos\u00ec dispendiosa in termini di tempo con il resto delle responsabilit\u00e0 lavorative senza uscirne distrutti? Questo corso introduce le tecniche utili per garantire una gestione efficace delle e-mail. Saranno forniti suggerimenti in merito all&#8217;uso di cartelle e filtri che consentano di organizzare le e-mail e garantire una maggiore efficienza, oltre ad essere presentate linee guida concernenti le e-mail che \u00e8 invece possibile eliminare immediatamente. Il corso, inoltre, illustrer\u00e0 come recuperare informazioni importanti in caso di smarrimento di un&#8217;e-mail.<\/p>\n<p><strong>DESTINATARI<\/strong><br \/>I dipendenti di ogni grado e tutti i soggetti desiderosi di aggiornare e raffinare le proprie abilit\u00e0 nell&#8217;uso delle e-mail.<\/p>\n<\/div>\n<\/div>\n<\/div>\n","protected":false},"featured_media":3634,"template":"","meta":[],"product_brand":[],"product_cat":[116,92],"product_tag":[181],"class_list":{"0":"post-4059","1":"product","2":"type-product","3":"status-publish","4":"has-post-thumbnail","6":"product_cat-efficacia-professionale","7":"product_cat-softskills","8":"product_tag-efficacia-professionale","10":"first","11":"instock","12":"taxable","13":"shipping-taxable","14":"purchasable","15":"product-type-simple"},"_links":{"self":[{"href":"https:\/\/www.confcommerciopavia.it\/index.php?rest_route=\/wp\/v2\/product\/4059","targetHints":{"allow":["GET"]}}],"collection":[{"href":"https:\/\/www.confcommerciopavia.it\/index.php?rest_route=\/wp\/v2\/product"}],"about":[{"href":"https:\/\/www.confcommerciopavia.it\/index.php?rest_route=\/wp\/v2\/types\/product"}],"wp:featuredmedia":[{"embeddable":true,"href":"https:\/\/www.confcommerciopavia.it\/index.php?rest_route=\/wp\/v2\/media\/3634"}],"wp:attachment":[{"href":"https:\/\/www.confcommerciopavia.it\/index.php?rest_route=%2Fwp%2Fv2%2Fmedia&parent=4059"}],"wp:term":[{"taxonomy":"product_brand","embeddable":true,"href":"https:\/\/www.confcommerciopavia.it\/index.php?rest_route=%2Fwp%2Fv2%2Fproduct_brand&post=4059"},{"taxonomy":"product_cat","embeddable":true,"href":"https:\/\/www.confcommerciopavia.it\/index.php?rest_route=%2Fwp%2Fv2%2Fproduct_cat&post=4059"},{"taxonomy":"product_tag","embeddable":true,"href":"https:\/\/www.confcommerciopavia.it\/index.php?rest_route=%2Fwp%2Fv2%2Fproduct_tag&post=4059"}],"curies":[{"name":"wp","href":"https:\/\/api.w.org\/{rel}","templated":true}]}}