{"id":4065,"date":"2021-04-28T12:42:50","date_gmt":"2021-04-28T10:42:50","guid":{"rendered":"https:\/\/www.confcommerciopavia.it\/?post_type=product&#038;p=4065"},"modified":"2021-04-28T12:44:39","modified_gmt":"2021-04-28T10:44:39","slug":"potere-personale-e-credibilita","status":"publish","type":"product","link":"https:\/\/www.confcommerciopavia.it\/?product=potere-personale-e-credibilita","title":{"rendered":"Potere personale e credibilit\u00e0"},"content":{"rendered":"<p><\/p>\n","protected":false},"excerpt":{"rendered":"<div class=\"row padding-left-40\">\n<div class=\"catalogo-right-header-title1\">\n<div class=\"row mrg-bottom-20\">\n<p><strong>DURATA DEL CORSO: <\/strong>\u00a00,4 ORE<strong><br \/>MODALIT\u00c0: <\/strong>e-Learning<br \/><strong>PDF:<\/strong> <a data-mce-href=\"https:\/\/www.confcommerciopavia.it\/wp-content\/uploads\/2021\/04\/0SSK516_ASSO.pdf\" href=\"https:\/\/www.confcommerciopavia.it\/wp-content\/uploads\/2021\/04\/0SSK516_ASSO.pdf\">Scarica allegato<\/a><\/p>\n<p>L&#8217;autorit\u00e0 comporta un certo tipo di potere, in genere un potere posizionale. A una persona vengono concessi il potere e l&#8217;autorit\u00e0 necessari per realizzare gli obiettivi e ottenere risultati attraverso una definizione di lavoro responsabile e la responsabilit\u00e0: l&#8217;agente di polizia che ti cita per eccesso di velocit\u00e0, il manager finanziario che richiede una revisione contabile o il manager dell&#8217;azienda che decide come allocare il budget. Le persone possono obbedire, ribellarsi, opporre resistenza o lamentarsi di chi ricopre un ruolo di autorit\u00e0, ma alla base di tale potere posizionale ci sono una ragione e uno scopo ben precisi. La maggior parte dei risultati che si ottengono nelle organizzazioni deriva, invece, dall&#8217;uso del potere personale e non dipende solo dall&#8217;autorit\u00e0 diretta. Ci\u00f2 \u00e8 particolarmente vero negli ambienti di lavoro di oggi, in cui le fonti di informazione e le relazioni sociali sono accessibili a tutti come un mezzo per raggiungere un fine. Ma alla fine si riduce tutto a credibilit\u00e0 personale, influenza e abilit\u00e0 politica. Questo corso si concentra sul potere che deriva dall&#8217;essere credibili e degni di fiducia.<\/p>\n<p><strong>DESTINATARI<\/strong><br \/>Chiunque desideri sviluppare o affinare le proprie competenze per ottenere risultati usando il potere personale<\/p>\n<\/div>\n<\/div>\n<\/div>\n","protected":false},"featured_media":3634,"template":"","meta":[],"product_brand":[],"product_cat":[116,92],"product_tag":[181],"class_list":{"0":"post-4065","1":"product","2":"type-product","3":"status-publish","4":"has-post-thumbnail","6":"product_cat-efficacia-professionale","7":"product_cat-softskills","8":"product_tag-efficacia-professionale","10":"first","11":"instock","12":"taxable","13":"shipping-taxable","14":"purchasable","15":"product-type-simple"},"_links":{"self":[{"href":"https:\/\/www.confcommerciopavia.it\/index.php?rest_route=\/wp\/v2\/product\/4065","targetHints":{"allow":["GET"]}}],"collection":[{"href":"https:\/\/www.confcommerciopavia.it\/index.php?rest_route=\/wp\/v2\/product"}],"about":[{"href":"https:\/\/www.confcommerciopavia.it\/index.php?rest_route=\/wp\/v2\/types\/product"}],"wp:featuredmedia":[{"embeddable":true,"href":"https:\/\/www.confcommerciopavia.it\/index.php?rest_route=\/wp\/v2\/media\/3634"}],"wp:attachment":[{"href":"https:\/\/www.confcommerciopavia.it\/index.php?rest_route=%2Fwp%2Fv2%2Fmedia&parent=4065"}],"wp:term":[{"taxonomy":"product_brand","embeddable":true,"href":"https:\/\/www.confcommerciopavia.it\/index.php?rest_route=%2Fwp%2Fv2%2Fproduct_brand&post=4065"},{"taxonomy":"product_cat","embeddable":true,"href":"https:\/\/www.confcommerciopavia.it\/index.php?rest_route=%2Fwp%2Fv2%2Fproduct_cat&post=4065"},{"taxonomy":"product_tag","embeddable":true,"href":"https:\/\/www.confcommerciopavia.it\/index.php?rest_route=%2Fwp%2Fv2%2Fproduct_tag&post=4065"}],"curies":[{"name":"wp","href":"https:\/\/api.w.org\/{rel}","templated":true}]}}