{"id":4067,"date":"2021-04-28T12:44:58","date_gmt":"2021-04-28T10:44:58","guid":{"rendered":"https:\/\/www.confcommerciopavia.it\/?post_type=product&#038;p=4067"},"modified":"2021-04-28T12:46:39","modified_gmt":"2021-04-28T10:46:39","slug":"costruzione-del-potere-personale-attraverso-linfluenza","status":"publish","type":"product","link":"https:\/\/www.confcommerciopavia.it\/?product=costruzione-del-potere-personale-attraverso-linfluenza","title":{"rendered":"Costruzione del potere personale attraverso l&#8217;influenza"},"content":{"rendered":"<p><\/p>\n","protected":false},"excerpt":{"rendered":"<div class=\"row padding-left-40\">\n<div class=\"catalogo-right-header-title1\">\n<div class=\"row mrg-bottom-20\">\n<p><strong>DURATA DEL CORSO: <\/strong>\u00a00,5 ORE<strong><br \/>MODALIT\u00c0: <\/strong>e-Learning<br \/><strong>PDF:<\/strong> <a data-mce-href=\"https:\/\/www.confcommerciopavia.it\/wp-content\/uploads\/2021\/04\/0SSK517_ASSO.pdf\" href=\"https:\/\/www.confcommerciopavia.it\/wp-content\/uploads\/2021\/04\/0SSK517_ASSO.pdf\">Scarica allegato<\/a><\/p>\n<p>Se non godi di un&#8217;autorit\u00e0 diretta, puoi ottenere risultati sfruttando la tua influenza, non solo mostrando di essere credibile e degno di fiducia. La capacit\u00e0 di influenzare in modo efficace \u00e8 probabilmente il principale elemento distintivo quando riesci a raggiungere un traguardo senza autorit\u00e0. Quando eserciti la tua influenza, coinvolgi e ingaggi altri per ottenere risultati, senza avere necessariamente un potere formale. Influenzare qualcuno non significa forzarlo oppure obbligarlo ma portarlo dalla tua parte per i giusti motivi. Puoi esercitare la tua influenza in tre modi: tramite il linguaggio e una comunicazione efficace, tramite la reciprocit\u00e0 e le &#8220;monete&#8221; di scambio e tramite la perseveranza attraverso la resistenza.<\/p>\n<p><strong>DESTINATARI<\/strong><br \/>Chiunque desideri sviluppare o affinare le proprie competenze per ottenere risultati usando il potere personale.<\/p>\n<\/div>\n<\/div>\n<\/div>\n","protected":false},"featured_media":3634,"template":"","meta":[],"product_brand":[],"product_cat":[116,92],"product_tag":[181],"class_list":{"0":"post-4067","1":"product","2":"type-product","3":"status-publish","4":"has-post-thumbnail","6":"product_cat-efficacia-professionale","7":"product_cat-softskills","8":"product_tag-efficacia-professionale","10":"first","11":"instock","12":"taxable","13":"shipping-taxable","14":"purchasable","15":"product-type-simple"},"_links":{"self":[{"href":"https:\/\/www.confcommerciopavia.it\/index.php?rest_route=\/wp\/v2\/product\/4067","targetHints":{"allow":["GET"]}}],"collection":[{"href":"https:\/\/www.confcommerciopavia.it\/index.php?rest_route=\/wp\/v2\/product"}],"about":[{"href":"https:\/\/www.confcommerciopavia.it\/index.php?rest_route=\/wp\/v2\/types\/product"}],"wp:featuredmedia":[{"embeddable":true,"href":"https:\/\/www.confcommerciopavia.it\/index.php?rest_route=\/wp\/v2\/media\/3634"}],"wp:attachment":[{"href":"https:\/\/www.confcommerciopavia.it\/index.php?rest_route=%2Fwp%2Fv2%2Fmedia&parent=4067"}],"wp:term":[{"taxonomy":"product_brand","embeddable":true,"href":"https:\/\/www.confcommerciopavia.it\/index.php?rest_route=%2Fwp%2Fv2%2Fproduct_brand&post=4067"},{"taxonomy":"product_cat","embeddable":true,"href":"https:\/\/www.confcommerciopavia.it\/index.php?rest_route=%2Fwp%2Fv2%2Fproduct_cat&post=4067"},{"taxonomy":"product_tag","embeddable":true,"href":"https:\/\/www.confcommerciopavia.it\/index.php?rest_route=%2Fwp%2Fv2%2Fproduct_tag&post=4067"}],"curies":[{"name":"wp","href":"https:\/\/api.w.org\/{rel}","templated":true}]}}