{"id":4071,"date":"2021-04-28T12:48:06","date_gmt":"2021-04-28T10:48:06","guid":{"rendered":"https:\/\/www.confcommerciopavia.it\/?post_type=product&#038;p=4071"},"modified":"2021-04-28T12:49:55","modified_gmt":"2021-04-28T10:49:55","slug":"diventare-un-grande-ascoltatore","status":"publish","type":"product","link":"https:\/\/www.confcommerciopavia.it\/?product=diventare-un-grande-ascoltatore","title":{"rendered":"Diventare un grande ascoltatore"},"content":{"rendered":"<p><\/p>\n","protected":false},"excerpt":{"rendered":"<div class=\"row padding-left-40\">\n<div class=\"catalogo-right-header-title1\">\n<div class=\"row mrg-bottom-20\">\n<p><strong>DURATA DEL CORSO: <\/strong>\u00a00,4 ORE<strong><br \/>MODALIT\u00c0: <\/strong>e-Learning<br \/><strong>PDF:<\/strong> <a data-mce-href=\"https:\/\/www.confcommerciopavia.it\/wp-content\/uploads\/2021\/04\/0SSK519_ASSO.pdf\" href=\"https:\/\/www.confcommerciopavia.it\/wp-content\/uploads\/2021\/04\/0SSK519_ASSO.pdf\">Scarica allegato<\/a><\/p>\n<p>Durante la comunicazione, la risposta del destinatario \u00e8 importante quanto il messaggio fornito. Il destinatario di una comunicazione deve essere ricettivo e in grado di capire ci\u00f2 che s&#8217;intende. Per farlo devi sviluppare due abilit\u00e0 essenziali: ascoltare e domandare. Questo corso ti permetter\u00e0 di perfezionare tali abilit\u00e0, creando l&#8217;approccio ricettivo corretto per la comunicazione.<\/p>\n<p><strong>DESTINATARI<\/strong><br \/>Chi desidera migliorare le capacit\u00e0 di comunicazione interpersonale.<\/p>\n<\/div>\n<\/div>\n<\/div>\n","protected":false},"featured_media":3634,"template":"","meta":[],"product_brand":[],"product_cat":[116,92],"product_tag":[181],"class_list":{"0":"post-4071","1":"product","2":"type-product","3":"status-publish","4":"has-post-thumbnail","6":"product_cat-efficacia-professionale","7":"product_cat-softskills","8":"product_tag-efficacia-professionale","10":"first","11":"instock","12":"taxable","13":"shipping-taxable","14":"purchasable","15":"product-type-simple"},"_links":{"self":[{"href":"https:\/\/www.confcommerciopavia.it\/index.php?rest_route=\/wp\/v2\/product\/4071","targetHints":{"allow":["GET"]}}],"collection":[{"href":"https:\/\/www.confcommerciopavia.it\/index.php?rest_route=\/wp\/v2\/product"}],"about":[{"href":"https:\/\/www.confcommerciopavia.it\/index.php?rest_route=\/wp\/v2\/types\/product"}],"wp:featuredmedia":[{"embeddable":true,"href":"https:\/\/www.confcommerciopavia.it\/index.php?rest_route=\/wp\/v2\/media\/3634"}],"wp:attachment":[{"href":"https:\/\/www.confcommerciopavia.it\/index.php?rest_route=%2Fwp%2Fv2%2Fmedia&parent=4071"}],"wp:term":[{"taxonomy":"product_brand","embeddable":true,"href":"https:\/\/www.confcommerciopavia.it\/index.php?rest_route=%2Fwp%2Fv2%2Fproduct_brand&post=4071"},{"taxonomy":"product_cat","embeddable":true,"href":"https:\/\/www.confcommerciopavia.it\/index.php?rest_route=%2Fwp%2Fv2%2Fproduct_cat&post=4071"},{"taxonomy":"product_tag","embeddable":true,"href":"https:\/\/www.confcommerciopavia.it\/index.php?rest_route=%2Fwp%2Fv2%2Fproduct_tag&post=4071"}],"curies":[{"name":"wp","href":"https:\/\/api.w.org\/{rel}","templated":true}]}}