{"id":4075,"date":"2021-04-28T12:53:23","date_gmt":"2021-04-28T10:53:23","guid":{"rendered":"https:\/\/www.confcommerciopavia.it\/?post_type=product&#038;p=4075"},"modified":"2021-04-28T12:55:32","modified_gmt":"2021-04-28T10:55:32","slug":"basi-di-telelavoro-massimizzare-la-produttivita-come-dipendente-a-distanza","status":"publish","type":"product","link":"https:\/\/www.confcommerciopavia.it\/?product=basi-di-telelavoro-massimizzare-la-produttivita-come-dipendente-a-distanza","title":{"rendered":"Basi di telelavoro: massimizzare la produttivit\u00e0 come dipendente a distanza"},"content":{"rendered":"<p><\/p>\n","protected":false},"excerpt":{"rendered":"<div class=\"row padding-left-40\">\n<div class=\"catalogo-right-header-title1\">\n<div class=\"row mrg-bottom-20\">\n<p><strong>DURATA DEL CORSO: <\/strong>\u00a01 ORE<strong><br \/>MODALIT\u00c0: <\/strong>e-Learning<br \/><strong>PDF:<\/strong> <a data-mce-href=\"https:\/\/www.confcommerciopavia.it\/wp-content\/uploads\/2021\/04\/0SSK521_ASSO.pdf\" href=\"https:\/\/www.confcommerciopavia.it\/wp-content\/uploads\/2021\/04\/0SSK521_ASSO.pdf\">Scarica allegato<\/a><\/p>\n<p>Il telelavoro \u00e8 una soluzione lavorativa largamente diffusa. La globalizzazione, il bilanciamento vita-lavoro e persino le questioni ambientali e di &#8220;ecobusiness&#8221; hanno aumentato in maniera esponenziale il numero di telelavoratori e lavoratori a distanza. Dipendenti e datori di lavoro devono considerare molte cose nel valutare la possibilit\u00e0, la necessit\u00e0 o il desiderio di lavorare a distanza. Una volta presa la decisione, l&#8217;obiettivo \u00e8 creare e mantenere un ambiente di lavoro a distanza produttivo. Questo corso \u00e8 un&#8217;introduzione al telelavoro e fornisce consigli utili per determinare se il telelavoro \u00e8 giusto per te, sulla base del tipo di lavoro e delle attivit\u00e0 implicate. Fornisce inoltre informazioni che saranno utili per aiutarti a sistemare il tuo ufficio casalingo, il modo da essere il pi\u00f9 produttivo possibile. Imparerai alcune delle sfide rappresentate dal telelavoro e alcune soluzioni che ti aiuteranno a creare e mantenere un&#8217;ambiente di lavoro a distanza produttivo.<\/p>\n<p><strong>DESTINATARI<\/strong><br \/>Tutti i telelavoratori o coloro che intendono diventarlo<\/p>\n<\/div>\n<\/div>\n<\/div>\n","protected":false},"featured_media":3634,"template":"","meta":[],"product_brand":[],"product_cat":[116,92],"product_tag":[181],"class_list":{"0":"post-4075","1":"product","2":"type-product","3":"status-publish","4":"has-post-thumbnail","6":"product_cat-efficacia-professionale","7":"product_cat-softskills","8":"product_tag-efficacia-professionale","10":"first","11":"instock","12":"taxable","13":"shipping-taxable","14":"purchasable","15":"product-type-simple"},"_links":{"self":[{"href":"https:\/\/www.confcommerciopavia.it\/index.php?rest_route=\/wp\/v2\/product\/4075","targetHints":{"allow":["GET"]}}],"collection":[{"href":"https:\/\/www.confcommerciopavia.it\/index.php?rest_route=\/wp\/v2\/product"}],"about":[{"href":"https:\/\/www.confcommerciopavia.it\/index.php?rest_route=\/wp\/v2\/types\/product"}],"wp:featuredmedia":[{"embeddable":true,"href":"https:\/\/www.confcommerciopavia.it\/index.php?rest_route=\/wp\/v2\/media\/3634"}],"wp:attachment":[{"href":"https:\/\/www.confcommerciopavia.it\/index.php?rest_route=%2Fwp%2Fv2%2Fmedia&parent=4075"}],"wp:term":[{"taxonomy":"product_brand","embeddable":true,"href":"https:\/\/www.confcommerciopavia.it\/index.php?rest_route=%2Fwp%2Fv2%2Fproduct_brand&post=4075"},{"taxonomy":"product_cat","embeddable":true,"href":"https:\/\/www.confcommerciopavia.it\/index.php?rest_route=%2Fwp%2Fv2%2Fproduct_cat&post=4075"},{"taxonomy":"product_tag","embeddable":true,"href":"https:\/\/www.confcommerciopavia.it\/index.php?rest_route=%2Fwp%2Fv2%2Fproduct_tag&post=4075"}],"curies":[{"name":"wp","href":"https:\/\/api.w.org\/{rel}","templated":true}]}}