{"id":4080,"date":"2021-04-28T14:14:15","date_gmt":"2021-04-28T12:14:15","guid":{"rendered":"https:\/\/www.confcommerciopavia.it\/?post_type=product&#038;p=4080"},"modified":"2021-04-28T14:15:40","modified_gmt":"2021-04-28T12:15:40","slug":"generare-idee-creative-e-innovative-aumentare-la-creativita","status":"publish","type":"product","link":"https:\/\/www.confcommerciopavia.it\/?product=generare-idee-creative-e-innovative-aumentare-la-creativita","title":{"rendered":"Generare idee creative e innovative: Aumentare la creativit\u00e0"},"content":{"rendered":"<p><\/p>\n","protected":false},"excerpt":{"rendered":"<div class=\"row padding-left-40\">\n<div class=\"catalogo-right-header-title1\">\n<div class=\"row mrg-bottom-20\">\n<p><strong>DURATA DEL CORSO: <\/strong>\u00a01 ORE<strong><br \/>MODALIT\u00c0: <\/strong>e-Learning<br \/><strong>PDF:<\/strong> <a data-mce-href=\"https:\/\/www.confcommerciopavia.it\/wp-content\/uploads\/2021\/04\/0SSK523_ASSO.pdf\" href=\"https:\/\/www.confcommerciopavia.it\/wp-content\/uploads\/2021\/04\/0SSK523_ASSO.pdf\">Scarica allegato<\/a><\/p>\n<p>Che cosa rende una persona creativa? Ti consideri una persona creativa? Alcune caratteristiche personali sono state collegate alla creativit\u00e0, ad esempio la propensione a correre dei rischi, la capacit\u00e0 di collegare idee diverse e l&#8217;apertura mentale. Ma la caratteristica pi\u00f9 importante, forse, \u00e8 la convinzione di essere creativi. Molte persone si bloccano perch\u00e9 pensano di non essere creative. Ma tutti hanno un potenziale creativo. Comprendere le caratteristiche che ti consentono di aumentare la tua creativit\u00e0 e quelle che la inibiscono pu\u00f2 aiutarti a migliorare gli slanci creativi sul posto di lavoro. Questo corso descrive le caratteristiche fondamentali di una persona creativa. Descrive inoltre gli ostacoli alla creativit\u00e0 e come superarli. Inoltre, dimostra come sia possibile migliorare la creativit\u00e0 sul posto di lavoro.<\/p>\n<p><strong>DESTINATARI<\/strong><br \/>Tutti coloro che desiderano essere pi\u00f9 creativi e innovativi al lavoro.<\/p>\n<\/div>\n<\/div>\n<\/div>\n","protected":false},"featured_media":3634,"template":"","meta":[],"product_brand":[],"product_cat":[116,92],"product_tag":[181],"class_list":{"0":"post-4080","1":"product","2":"type-product","3":"status-publish","4":"has-post-thumbnail","6":"product_cat-efficacia-professionale","7":"product_cat-softskills","8":"product_tag-efficacia-professionale","10":"first","11":"instock","12":"taxable","13":"shipping-taxable","14":"purchasable","15":"product-type-simple"},"_links":{"self":[{"href":"https:\/\/www.confcommerciopavia.it\/index.php?rest_route=\/wp\/v2\/product\/4080","targetHints":{"allow":["GET"]}}],"collection":[{"href":"https:\/\/www.confcommerciopavia.it\/index.php?rest_route=\/wp\/v2\/product"}],"about":[{"href":"https:\/\/www.confcommerciopavia.it\/index.php?rest_route=\/wp\/v2\/types\/product"}],"wp:featuredmedia":[{"embeddable":true,"href":"https:\/\/www.confcommerciopavia.it\/index.php?rest_route=\/wp\/v2\/media\/3634"}],"wp:attachment":[{"href":"https:\/\/www.confcommerciopavia.it\/index.php?rest_route=%2Fwp%2Fv2%2Fmedia&parent=4080"}],"wp:term":[{"taxonomy":"product_brand","embeddable":true,"href":"https:\/\/www.confcommerciopavia.it\/index.php?rest_route=%2Fwp%2Fv2%2Fproduct_brand&post=4080"},{"taxonomy":"product_cat","embeddable":true,"href":"https:\/\/www.confcommerciopavia.it\/index.php?rest_route=%2Fwp%2Fv2%2Fproduct_cat&post=4080"},{"taxonomy":"product_tag","embeddable":true,"href":"https:\/\/www.confcommerciopavia.it\/index.php?rest_route=%2Fwp%2Fv2%2Fproduct_tag&post=4080"}],"curies":[{"name":"wp","href":"https:\/\/api.w.org\/{rel}","templated":true}]}}