{"id":4081,"date":"2021-04-28T14:16:06","date_gmt":"2021-04-28T12:16:06","guid":{"rendered":"https:\/\/www.confcommerciopavia.it\/?post_type=product&#038;p=4081"},"modified":"2021-04-28T14:17:50","modified_gmt":"2021-04-28T12:17:50","slug":"generare-idee-creative-e-innovative-massimizzare-la-creativita-del-team","status":"publish","type":"product","link":"https:\/\/www.confcommerciopavia.it\/?product=generare-idee-creative-e-innovative-massimizzare-la-creativita-del-team","title":{"rendered":"Generare idee creative e innovative: Massimizzare la creativit\u00e0 del team"},"content":{"rendered":"<p><\/p>\n","protected":false},"excerpt":{"rendered":"<div class=\"row padding-left-40\">\n<div class=\"catalogo-right-header-title1\">\n<div class=\"row mrg-bottom-20\">\n<p><strong>DURATA DEL CORSO: <\/strong>\u00a01 ORE<strong><br \/>MODALIT\u00c0: <\/strong>e-Learning<br \/><strong>PDF:<\/strong> <a data-mce-href=\"https:\/\/www.confcommerciopavia.it\/wp-content\/uploads\/2021\/04\/0SSK524_ASSO.pdf\" href=\"https:\/\/www.confcommerciopavia.it\/wp-content\/uploads\/2021\/04\/0SSK524_ASSO.pdf\">Scarica allegato<\/a><\/p>\n<p>La creativit\u00e0 \u00e8 a portata di tutti? La creativit\u00e0 \u00e8 naturale all&#8217;interno di un team, oppure \u00e8 un&#8217;abilit\u00e0 che alcuni imparano e altri no? Come qualsiasi altra cosa, la creativit\u00e0 e l&#8217;innovazione possono proliferare se coltivate con gli strumenti giusti. Questo corso parla di come massimizzare la creativit\u00e0 del team. Analizza le condizioni dell&#8217;ambiente lavorativo che incoraggiano la creativit\u00e0 nel team, come la diversit\u00e0 tra i suoi membri. Inoltre, descrive i metodi di team per stimolare la creativit\u00e0, comprese tecniche come il brainstorming e il role play.<\/p>\n<p><strong>DESTINATARI<\/strong><br \/>I team leader e tutti gli individui di un team che desiderano coltivare il potenziale creativo del loro team<\/p>\n<\/div>\n<\/div>\n<\/div>\n","protected":false},"featured_media":3634,"template":"","meta":[],"product_brand":[],"product_cat":[116,92],"product_tag":[181],"class_list":{"0":"post-4081","1":"product","2":"type-product","3":"status-publish","4":"has-post-thumbnail","6":"product_cat-efficacia-professionale","7":"product_cat-softskills","8":"product_tag-efficacia-professionale","10":"first","11":"instock","12":"taxable","13":"shipping-taxable","14":"purchasable","15":"product-type-simple"},"_links":{"self":[{"href":"https:\/\/www.confcommerciopavia.it\/index.php?rest_route=\/wp\/v2\/product\/4081","targetHints":{"allow":["GET"]}}],"collection":[{"href":"https:\/\/www.confcommerciopavia.it\/index.php?rest_route=\/wp\/v2\/product"}],"about":[{"href":"https:\/\/www.confcommerciopavia.it\/index.php?rest_route=\/wp\/v2\/types\/product"}],"wp:featuredmedia":[{"embeddable":true,"href":"https:\/\/www.confcommerciopavia.it\/index.php?rest_route=\/wp\/v2\/media\/3634"}],"wp:attachment":[{"href":"https:\/\/www.confcommerciopavia.it\/index.php?rest_route=%2Fwp%2Fv2%2Fmedia&parent=4081"}],"wp:term":[{"taxonomy":"product_brand","embeddable":true,"href":"https:\/\/www.confcommerciopavia.it\/index.php?rest_route=%2Fwp%2Fv2%2Fproduct_brand&post=4081"},{"taxonomy":"product_cat","embeddable":true,"href":"https:\/\/www.confcommerciopavia.it\/index.php?rest_route=%2Fwp%2Fv2%2Fproduct_cat&post=4081"},{"taxonomy":"product_tag","embeddable":true,"href":"https:\/\/www.confcommerciopavia.it\/index.php?rest_route=%2Fwp%2Fv2%2Fproduct_tag&post=4081"}],"curies":[{"name":"wp","href":"https:\/\/api.w.org\/{rel}","templated":true}]}}