{"id":4083,"date":"2021-04-28T14:21:44","date_gmt":"2021-04-28T12:21:44","guid":{"rendered":"https:\/\/www.confcommerciopavia.it\/?post_type=product&#038;p=4083"},"modified":"2021-04-28T14:33:05","modified_gmt":"2021-04-28T12:33:05","slug":"generare-idee-creative-e-innovative-verificare-e-sviluppare-idee","status":"publish","type":"product","link":"https:\/\/www.confcommerciopavia.it\/?product=generare-idee-creative-e-innovative-verificare-e-sviluppare-idee","title":{"rendered":"Generare idee creative e innovative: Verificare e sviluppare idee"},"content":{"rendered":"<p><\/p>\n","protected":false},"excerpt":{"rendered":"<div class=\"row padding-left-40\">\n<div class=\"catalogo-right-header-title1\">\n<div class=\"row mrg-bottom-20\">\n<p><strong>DURATA DEL CORSO: <\/strong>\u00a01 ORE<strong><br \/>MODALIT\u00c0: <\/strong>e-Learning<br \/><strong>PDF:<\/strong> <a data-mce-href=\"https:\/\/www.confcommerciopavia.it\/wp-content\/uploads\/2021\/04\/0SSK525_ASSO.pdf\" href=\"https:\/\/www.confcommerciopavia.it\/wp-content\/uploads\/2021\/04\/0SSK525_ASSO.pdf\">Scarica allegato<\/a><\/p>\n<p>Generare idee creative pu\u00f2 essere un processo molto entusiasmante e stimolante. Ci\u00f2 \u00e8 particolarmente vero durante le fasi iniziali della creazione delle idee, quando molti adottano l&#8217;approccio &#8220;tutto va bene&#8221;. Poi, tuttavia, la fattibilit\u00e0 delle idee deve essere verificata o controllata. \u00c8 pi\u00f9 probabile che le idee siano rilevanti e utili quando sono state valutate nel contesto delle esigenze aziendali, delle strategie e delle risorse. Alcune tecniche che possono aiutare a verificare le idee sono quelle di chiedere l&#8217;opinione di persone chiave e utilizzare simulazioni. Sviluppare le idee continua il processo di verifica delle idee aiutando a renderle pi\u00f9 chiare, rilevanti e fattibili. Questo corso copre molte tecniche utilizzate per verificare e sviluppare idee creative. Evidenzia quando utilizzare la ricerca e quanto utilizzare le simulazioni per verificare la fattibilit\u00e0 di un&#8217;idea. Inoltre, analizza modi per sviluppare efficacemente le idee.<\/p>\n<p><strong>DESTINATARI<br \/><\/strong>Tutti coloro che desiderano verificare la fattibilit\u00e0 di idee creative e svilupparle efficacemente.<\/p>\n<\/div>\n<\/div>\n<\/div>\n","protected":false},"featured_media":3634,"template":"","meta":[],"product_brand":[],"product_cat":[116,92],"product_tag":[181],"class_list":{"0":"post-4083","1":"product","2":"type-product","3":"status-publish","4":"has-post-thumbnail","6":"product_cat-efficacia-professionale","7":"product_cat-softskills","8":"product_tag-efficacia-professionale","10":"first","11":"instock","12":"taxable","13":"shipping-taxable","14":"purchasable","15":"product-type-simple"},"_links":{"self":[{"href":"https:\/\/www.confcommerciopavia.it\/index.php?rest_route=\/wp\/v2\/product\/4083","targetHints":{"allow":["GET"]}}],"collection":[{"href":"https:\/\/www.confcommerciopavia.it\/index.php?rest_route=\/wp\/v2\/product"}],"about":[{"href":"https:\/\/www.confcommerciopavia.it\/index.php?rest_route=\/wp\/v2\/types\/product"}],"wp:featuredmedia":[{"embeddable":true,"href":"https:\/\/www.confcommerciopavia.it\/index.php?rest_route=\/wp\/v2\/media\/3634"}],"wp:attachment":[{"href":"https:\/\/www.confcommerciopavia.it\/index.php?rest_route=%2Fwp%2Fv2%2Fmedia&parent=4083"}],"wp:term":[{"taxonomy":"product_brand","embeddable":true,"href":"https:\/\/www.confcommerciopavia.it\/index.php?rest_route=%2Fwp%2Fv2%2Fproduct_brand&post=4083"},{"taxonomy":"product_cat","embeddable":true,"href":"https:\/\/www.confcommerciopavia.it\/index.php?rest_route=%2Fwp%2Fv2%2Fproduct_cat&post=4083"},{"taxonomy":"product_tag","embeddable":true,"href":"https:\/\/www.confcommerciopavia.it\/index.php?rest_route=%2Fwp%2Fv2%2Fproduct_tag&post=4083"}],"curies":[{"name":"wp","href":"https:\/\/api.w.org\/{rel}","templated":true}]}}