{"id":4085,"date":"2021-04-28T14:33:11","date_gmt":"2021-04-28T12:33:11","guid":{"rendered":"https:\/\/www.confcommerciopavia.it\/?post_type=product&#038;p=4085"},"modified":"2021-04-28T14:35:13","modified_gmt":"2021-04-28T12:35:13","slug":"guidare-i-team-creare-fiducia-e-coinvolgimento","status":"publish","type":"product","link":"https:\/\/www.confcommerciopavia.it\/?product=guidare-i-team-creare-fiducia-e-coinvolgimento","title":{"rendered":"Guidare i team: Creare fiducia e coinvolgimento"},"content":{"rendered":"<p><\/p>\n","protected":false},"excerpt":{"rendered":"<div class=\"row padding-left-40\">\n<div class=\"catalogo-right-header-title1\">\n<div class=\"row mrg-bottom-20\">\n<p><strong>DURATA DEL CORSO: <\/strong>\u00a01 ORE<strong><br \/>MODALIT\u00c0: <\/strong>e-Learning<br \/><strong>PDF:<\/strong> <a data-mce-href=\"https:\/\/www.confcommerciopavia.it\/wp-content\/uploads\/2021\/04\/0SSK526_ASSO.pdf\" href=\"https:\/\/www.confcommerciopavia.it\/wp-content\/uploads\/2021\/04\/0SSK526_ASSO.pdf\">Scarica allegato<\/a><\/p>\n<p>I team che ottengono grandi risultati sono quelli i cui membri presentano determinate caratteristiche chiave, quali ad esempio un modo di fare onesto e leale, integrit\u00e0 personale e atteggiamento positivo. Due qualit\u00e0 personali dei membri sono particolarmente importanti perch\u00e9 un team possa raggiungere buone prestazioni: un alto grado di fiducia negli altri e un senso di coinvolgimento nel team. All&#8217;inizio dello sviluppo del team, un leader deve impostare sistemi e procedure che favoriscano lo sviluppo di queste caratteristiche nel team. Questo corso presenta delle strategie atte a creare fiducia mediante l&#8217;incoraggiamento di comportamenti onesti, responsabili, corretti e costruttivi. Il corso parla, inoltre, delle strategie per aumentare il coinvolgimento dei membri del team, tra cui offrire supporto e sicurezza, fornire lavori interessanti e riconoscere contributi e risultati. Tramite queste strategie, un leader pu\u00f2 ottenere un team coeso che lavori compattamente per il raggiungimento dei propri obiettivi.<\/p>\n<p><strong>DESTINATARI<br \/><\/strong>I dipendenti a tutti i livelli che guidano e gestiscono team e tutti coloro che desiderano sviluppare e affinare le loro abilit\u00e0 di leadership all&#8217;interno di un team<\/p>\n<\/div>\n<\/div>\n<\/div>\n","protected":false},"featured_media":3634,"template":"","meta":[],"product_brand":[],"product_cat":[117,92],"product_tag":[182],"class_list":{"0":"post-4085","1":"product","2":"type-product","3":"status-publish","4":"has-post-thumbnail","6":"product_cat-efficacia-progettuale","7":"product_cat-softskills","8":"product_tag-efficacia-progettuale","10":"first","11":"instock","12":"taxable","13":"shipping-taxable","14":"purchasable","15":"product-type-simple"},"_links":{"self":[{"href":"https:\/\/www.confcommerciopavia.it\/index.php?rest_route=\/wp\/v2\/product\/4085","targetHints":{"allow":["GET"]}}],"collection":[{"href":"https:\/\/www.confcommerciopavia.it\/index.php?rest_route=\/wp\/v2\/product"}],"about":[{"href":"https:\/\/www.confcommerciopavia.it\/index.php?rest_route=\/wp\/v2\/types\/product"}],"wp:featuredmedia":[{"embeddable":true,"href":"https:\/\/www.confcommerciopavia.it\/index.php?rest_route=\/wp\/v2\/media\/3634"}],"wp:attachment":[{"href":"https:\/\/www.confcommerciopavia.it\/index.php?rest_route=%2Fwp%2Fv2%2Fmedia&parent=4085"}],"wp:term":[{"taxonomy":"product_brand","embeddable":true,"href":"https:\/\/www.confcommerciopavia.it\/index.php?rest_route=%2Fwp%2Fv2%2Fproduct_brand&post=4085"},{"taxonomy":"product_cat","embeddable":true,"href":"https:\/\/www.confcommerciopavia.it\/index.php?rest_route=%2Fwp%2Fv2%2Fproduct_cat&post=4085"},{"taxonomy":"product_tag","embeddable":true,"href":"https:\/\/www.confcommerciopavia.it\/index.php?rest_route=%2Fwp%2Fv2%2Fproduct_tag&post=4085"}],"curies":[{"name":"wp","href":"https:\/\/api.w.org\/{rel}","templated":true}]}}