{"id":4087,"date":"2021-04-28T14:35:18","date_gmt":"2021-04-28T12:35:18","guid":{"rendered":"https:\/\/www.confcommerciopavia.it\/?post_type=product&#038;p=4087"},"modified":"2021-04-28T14:37:10","modified_gmt":"2021-04-28T12:37:10","slug":"guidare-i-team-gestire-il-conflitto","status":"publish","type":"product","link":"https:\/\/www.confcommerciopavia.it\/?product=guidare-i-team-gestire-il-conflitto","title":{"rendered":"Guidare i team: Gestire il conflitto"},"content":{"rendered":"<p><\/p>\n","protected":false},"excerpt":{"rendered":"<div class=\"row padding-left-40\">\n<div class=\"catalogo-right-header-title1\">\n<div class=\"row mrg-bottom-20\">\n<p><strong>DURATA DEL CORSO: <\/strong>\u00a01 ORE<strong><br \/>MODALIT\u00c0: <\/strong>e-Learning<br \/><strong>PDF:<\/strong> <a data-mce-href=\"https:\/\/www.confcommerciopavia.it\/wp-content\/uploads\/2021\/04\/0SSK527_ASSO.pdf\" href=\"https:\/\/www.confcommerciopavia.it\/wp-content\/uploads\/2021\/04\/0SSK527_ASSO.pdf\">Scarica allegato<\/a><\/p>\n<p>I team di successo sono caratteizzati dal fatto di avere un obbiettivo chiaro, dalla fiducia tra i membri, dalla comunicazione efficace, e dalla capacit\u00e0 di risolvere i conflitti velocemente. Nelle prime fasi dello sviluppo del team, i leader devono stabilire delle strutture e dei processi che sostengano lo sviluppo di queste caratteristiche del team. La leadership effettiva \u00e8 particolarmente importante durante la fase storming dello sviluppo del team, quando il conflitto tende ad essere al pi\u00f9 alto livelo. La sopravvivenza del team dipende dal leader del team, se \u00e8 in gradi di riconoscere velocemente il conflitto, diagnosticare le sue cause, e usare le strategie per risolvere il problema. Nel fare ci\u00f2, il leader rispristina la fiducia e le relazioni di lavoro positive, tra i membri. Questo ti fa capire quali sono le cause dei conflitti in un team, e l&#8217;importante ruolo della comunicazione sana nella gestione dei conflitti. Presenta molti dei migliori approcci di pratiche di risoluzione per risolvere i conflitti e illustrare le dottrine del principio di negoziazione. Imparando i principi e le strategie presentate nel presente corso, avrai le capacit\u00e0 di mantenere il tuo team ad un alto livello di prestazione, a distanza dai modelli distruttivi di conflitto e sulla buona strada per raggiungere i suoi obbiettivi.<\/p>\n<p><strong>DESTINATARI<br \/><\/strong>I dipendenti a tutti i livelli che guidano e gestiscono team e tutti coloro che desiderano sviluppare e affinare le loro abilit\u00e0 di leadership all&#8217;interno di un team<\/p>\n<\/div>\n<\/div>\n<\/div>\n","protected":false},"featured_media":3634,"template":"","meta":[],"product_brand":[],"product_cat":[117,92],"product_tag":[182],"class_list":{"0":"post-4087","1":"product","2":"type-product","3":"status-publish","4":"has-post-thumbnail","6":"product_cat-efficacia-progettuale","7":"product_cat-softskills","8":"product_tag-efficacia-progettuale","10":"first","11":"instock","12":"taxable","13":"shipping-taxable","14":"purchasable","15":"product-type-simple"},"_links":{"self":[{"href":"https:\/\/www.confcommerciopavia.it\/index.php?rest_route=\/wp\/v2\/product\/4087","targetHints":{"allow":["GET"]}}],"collection":[{"href":"https:\/\/www.confcommerciopavia.it\/index.php?rest_route=\/wp\/v2\/product"}],"about":[{"href":"https:\/\/www.confcommerciopavia.it\/index.php?rest_route=\/wp\/v2\/types\/product"}],"wp:featuredmedia":[{"embeddable":true,"href":"https:\/\/www.confcommerciopavia.it\/index.php?rest_route=\/wp\/v2\/media\/3634"}],"wp:attachment":[{"href":"https:\/\/www.confcommerciopavia.it\/index.php?rest_route=%2Fwp%2Fv2%2Fmedia&parent=4087"}],"wp:term":[{"taxonomy":"product_brand","embeddable":true,"href":"https:\/\/www.confcommerciopavia.it\/index.php?rest_route=%2Fwp%2Fv2%2Fproduct_brand&post=4087"},{"taxonomy":"product_cat","embeddable":true,"href":"https:\/\/www.confcommerciopavia.it\/index.php?rest_route=%2Fwp%2Fv2%2Fproduct_cat&post=4087"},{"taxonomy":"product_tag","embeddable":true,"href":"https:\/\/www.confcommerciopavia.it\/index.php?rest_route=%2Fwp%2Fv2%2Fproduct_tag&post=4087"}],"curies":[{"name":"wp","href":"https:\/\/api.w.org\/{rel}","templated":true}]}}