{"id":4089,"date":"2021-04-28T14:37:14","date_gmt":"2021-04-28T12:37:14","guid":{"rendered":"https:\/\/www.confcommerciopavia.it\/?post_type=product&#038;p=4089"},"modified":"2021-04-28T14:38:42","modified_gmt":"2021-04-28T12:38:42","slug":"guidare-i-team-sviluppare-il-team-e-la-sua-cultura","status":"publish","type":"product","link":"https:\/\/www.confcommerciopavia.it\/?product=guidare-i-team-sviluppare-il-team-e-la-sua-cultura","title":{"rendered":"Guidare i team: Sviluppare il team e la sua cultura"},"content":{"rendered":"<p><\/p>\n","protected":false},"excerpt":{"rendered":"<div class=\"row padding-left-40\">\n<div class=\"catalogo-right-header-title1\">\n<div class=\"row mrg-bottom-20\">\n<p><strong>DURATA DEL CORSO: <\/strong>\u00a01 ORE<strong><br \/>MODALIT\u00c0: <\/strong>e-Learning<br \/><strong>PDF:<\/strong> <a data-mce-href=\"https:\/\/www.confcommerciopavia.it\/wp-content\/uploads\/2021\/04\/0SSK528_ASSO.pdf\" href=\"https:\/\/www.confcommerciopavia.it\/wp-content\/uploads\/2021\/04\/0SSK528_ASSO.pdf\">Scarica allegato<\/a><\/p>\n<p>Henry Ford ha detto che mettersi insieme \u00e8 un inizio, rimanere uniti \u00e8 un progresso e lavorare insieme \u00e8 un successo. Il signor Ford conosceva l&#8217;importanza del lavoro in team. Se si interroga chi ha lavorato all&#8217;interno di un progetto o di un team, dir\u00e0 che le dinamiche di gruppo rendono molto diversi il modo in cui si lavora e l&#8217;intero contesto lavorativo. Un clima positivo e costruttivo pu\u00f2 rendere il team motivato e produttivo, mentre un clima negativo pu\u00f2 avere l&#8217;effetto opposto. Sviluppare validi team di progetto \u00e8 uno dei compiti pi\u00f9 importanti di un team leader. Questo corso mette in evidenza il ruolo del team leader nell&#8217;ottenere team molto performanti ed evidenzia l&#8217;importanza di adoperarsi per sviluppare il profilo del team all&#8217;inizio della fase di formazione. Verranno presentati dei metodi atti a favorire la partecipazione del team e delle strategie che permetteranno di creare un team coeso, incoraggiare le interazioni sociali, stabilire le competenze dei membri del team e promuovere l&#8217;interdipendenza.<\/p>\n<p><strong>DESTINATARI<br \/><\/strong>I dipendenti a tutti i livelli che guidano e gestiscono team e tutti coloro che desiderano sviluppare e affinare le loro abilit\u00e0 di leadership all&#8217;interno di un team<\/p>\n<\/div>\n<\/div>\n<\/div>\n","protected":false},"featured_media":3634,"template":"","meta":[],"product_brand":[],"product_cat":[117,92],"product_tag":[182],"class_list":{"0":"post-4089","1":"product","2":"type-product","3":"status-publish","4":"has-post-thumbnail","6":"product_cat-efficacia-progettuale","7":"product_cat-softskills","8":"product_tag-efficacia-progettuale","10":"first","11":"instock","12":"taxable","13":"shipping-taxable","14":"purchasable","15":"product-type-simple"},"_links":{"self":[{"href":"https:\/\/www.confcommerciopavia.it\/index.php?rest_route=\/wp\/v2\/product\/4089","targetHints":{"allow":["GET"]}}],"collection":[{"href":"https:\/\/www.confcommerciopavia.it\/index.php?rest_route=\/wp\/v2\/product"}],"about":[{"href":"https:\/\/www.confcommerciopavia.it\/index.php?rest_route=\/wp\/v2\/types\/product"}],"wp:featuredmedia":[{"embeddable":true,"href":"https:\/\/www.confcommerciopavia.it\/index.php?rest_route=\/wp\/v2\/media\/3634"}],"wp:attachment":[{"href":"https:\/\/www.confcommerciopavia.it\/index.php?rest_route=%2Fwp%2Fv2%2Fmedia&parent=4089"}],"wp:term":[{"taxonomy":"product_brand","embeddable":true,"href":"https:\/\/www.confcommerciopavia.it\/index.php?rest_route=%2Fwp%2Fv2%2Fproduct_brand&post=4089"},{"taxonomy":"product_cat","embeddable":true,"href":"https:\/\/www.confcommerciopavia.it\/index.php?rest_route=%2Fwp%2Fv2%2Fproduct_cat&post=4089"},{"taxonomy":"product_tag","embeddable":true,"href":"https:\/\/www.confcommerciopavia.it\/index.php?rest_route=%2Fwp%2Fv2%2Fproduct_tag&post=4089"}],"curies":[{"name":"wp","href":"https:\/\/api.w.org\/{rel}","templated":true}]}}