{"id":4091,"date":"2021-04-28T14:38:48","date_gmt":"2021-04-28T12:38:48","guid":{"rendered":"https:\/\/www.confcommerciopavia.it\/?post_type=product&#038;p=4091"},"modified":"2021-04-28T14:40:56","modified_gmt":"2021-04-28T12:40:56","slug":"guidare-i-team-definire-obiettivi-ruoli-e-linee-guida","status":"publish","type":"product","link":"https:\/\/www.confcommerciopavia.it\/?product=guidare-i-team-definire-obiettivi-ruoli-e-linee-guida","title":{"rendered":"Guidare i team: Definire obiettivi, ruoli e linee guida"},"content":{"rendered":"<p><\/p>\n","protected":false},"excerpt":{"rendered":"<div class=\"row padding-left-40\">\n<div class=\"catalogo-right-header-title1\">\n<div class=\"row mrg-bottom-20\">\n<p><strong>DURATA DEL CORSO: <\/strong>\u00a01 ORE<strong><br \/>MODALIT\u00c0: <\/strong>e-Learning<br \/><strong>PDF:<\/strong> <a data-mce-href=\"https:\/\/www.confcommerciopavia.it\/wp-content\/uploads\/2021\/04\/0SSK529_ASSO.pdf\" href=\"https:\/\/www.confcommerciopavia.it\/wp-content\/uploads\/2021\/04\/0SSK529_ASSO.pdf\">Scarica allegato<\/a><\/p>\n<p>Il modo in cui un team viene costruito \u00e8 un fattore importante nel determinarne il successo. Per portare un team rapidamente e senza intoppi nella modalit\u00e0 alte prestazioni, bisogna preparare il terreno per stabilire gli obiettivi del team, identificare le attivit\u00e0 legate al progetto, assegnare ogni attivit\u00e0 alla persona pi\u00f9 indicata e definire gli standard di comportamento del team che permettano ai membri del team di lavorare insieme per il raggiungimento degli obiettivi. Questo corso insegna le tecniche per gettare le basi di team di successo. Le tecniche riguardano in particolare: come stabilire gli obiettivi del team, come assegnare i ruoli ai membri del team, come definire le linee guida sul comportamento che i membri del team dovrebbero avere per minimizzare il conflitto e ottimizzare la prestazione del team.<\/p>\n<p><strong>DESTINATARI<br \/><\/strong>I dipendenti a tutti i livelli che guidano e gestiscono team e tutti coloro che desiderano sviluppare e affinare le loro abilit\u00e0 di leadership all&#8217;interno di un team<\/p>\n<\/div>\n<\/div>\n<\/div>\n","protected":false},"featured_media":3634,"template":"","meta":[],"product_brand":[],"product_cat":[117,92],"product_tag":[182],"class_list":{"0":"post-4091","1":"product","2":"type-product","3":"status-publish","4":"has-post-thumbnail","6":"product_cat-efficacia-progettuale","7":"product_cat-softskills","8":"product_tag-efficacia-progettuale","10":"first","11":"instock","12":"taxable","13":"shipping-taxable","14":"purchasable","15":"product-type-simple"},"_links":{"self":[{"href":"https:\/\/www.confcommerciopavia.it\/index.php?rest_route=\/wp\/v2\/product\/4091","targetHints":{"allow":["GET"]}}],"collection":[{"href":"https:\/\/www.confcommerciopavia.it\/index.php?rest_route=\/wp\/v2\/product"}],"about":[{"href":"https:\/\/www.confcommerciopavia.it\/index.php?rest_route=\/wp\/v2\/types\/product"}],"wp:featuredmedia":[{"embeddable":true,"href":"https:\/\/www.confcommerciopavia.it\/index.php?rest_route=\/wp\/v2\/media\/3634"}],"wp:attachment":[{"href":"https:\/\/www.confcommerciopavia.it\/index.php?rest_route=%2Fwp%2Fv2%2Fmedia&parent=4091"}],"wp:term":[{"taxonomy":"product_brand","embeddable":true,"href":"https:\/\/www.confcommerciopavia.it\/index.php?rest_route=%2Fwp%2Fv2%2Fproduct_brand&post=4091"},{"taxonomy":"product_cat","embeddable":true,"href":"https:\/\/www.confcommerciopavia.it\/index.php?rest_route=%2Fwp%2Fv2%2Fproduct_cat&post=4091"},{"taxonomy":"product_tag","embeddable":true,"href":"https:\/\/www.confcommerciopavia.it\/index.php?rest_route=%2Fwp%2Fv2%2Fproduct_tag&post=4091"}],"curies":[{"name":"wp","href":"https:\/\/api.w.org\/{rel}","templated":true}]}}