{"id":4095,"date":"2021-04-28T14:42:34","date_gmt":"2021-04-28T12:42:34","guid":{"rendered":"https:\/\/www.confcommerciopavia.it\/?post_type=product&#038;p=4095"},"modified":"2021-04-28T14:44:36","modified_gmt":"2021-04-28T12:44:36","slug":"guidare-i-team-lanciare-un-team-di-successo","status":"publish","type":"product","link":"https:\/\/www.confcommerciopavia.it\/?product=guidare-i-team-lanciare-un-team-di-successo","title":{"rendered":"Guidare i team: Lanciare un team di successo"},"content":{"rendered":"<p><\/p>\n","protected":false},"excerpt":{"rendered":"<div class=\"row padding-left-40\">\n<div class=\"catalogo-right-header-title1\">\n<div class=\"row mrg-bottom-20\">\n<p><strong>DURATA DEL CORSO: <\/strong>\u00a01 ORE<strong><br \/>MODALIT\u00c0: <\/strong>e-Learning<br \/><strong>PDF:<\/strong> <a data-mce-href=\"https:\/\/www.confcommerciopavia.it\/wp-content\/uploads\/2021\/04\/0SSK531_ASSO.pdf\" href=\"https:\/\/www.confcommerciopavia.it\/wp-content\/uploads\/2021\/04\/0SSK531_ASSO.pdf\">Scarica allegato<\/a><\/p>\n<p>Guidare team di successo \u00e8 un&#8217;arte e a volte un team leader deve affrontare molte sfide per poter ottimizzare le prestazioni di un team. Sia che tu sia gi\u00e0 un team leader o che tu voglia semplicemente sviluppare le capacit\u00e0 per diventare un buon candidato per questo ruolo, devi sapere alcune cose su come funziona un team e su come portare un team ad avere delle buone prestazioni. Tra le cose pi\u00f9 importanti da sapere: lo sviluppo di un buon team inizia gi\u00e0 dal giorno uno. Formare un team coeso ed efficiente \u00e8 fondamentale perch\u00e9 in futuro possa avere successo e mettere insieme fin dall&#8217;inizio il team giusto porta vantaggi che vanno ben oltre il semplice riuscire a completare le attivit\u00e0 in tempo. Questo corso illustra tecniche di impostazione di team di successo da poter utilizzare in moltissimi ambienti di lavoro. Verranno sottolineati i vantaggi dell&#8217;utilizzo di team di lavoro e l&#8217;importanza di adottare misure proattive per assicurare una facile transizione durante la fase iniziale di formazione del team. Saranno discusse le cinque fasi dello sviluppo del team e offerte strategie per risolvere problemi che potrebbero sorgere durante la prima fase, la Formazione. Imparerai strategie per selezionare i membri del team pi\u00f9 performanti in relazione ad un progetto o team e sarai guidato su come effettuare una buona presentazione, che chiarisca lo scopo e il contesto del team e permetta a ciascun membro di sapere esattamente quali siano le proprie responsabilit\u00e0.<\/p>\n<p><strong>DESTINATARI<br \/><\/strong>Personale a qualsiasi livello incaricato della guida e gestione di team, compresi manager, team leader, supervisori, direttori e group leader. Adatto a tutti coloro che vogliano sviluppare e affinare le proprie capacit\u00e0 di leadership all&#8217;interno di un team.<\/p>\n<\/div>\n<\/div>\n<\/div>\n","protected":false},"featured_media":3634,"template":"","meta":[],"product_brand":[],"product_cat":[117,92],"product_tag":[182],"class_list":{"0":"post-4095","1":"product","2":"type-product","3":"status-publish","4":"has-post-thumbnail","6":"product_cat-efficacia-progettuale","7":"product_cat-softskills","8":"product_tag-efficacia-progettuale","10":"first","11":"instock","12":"taxable","13":"shipping-taxable","14":"purchasable","15":"product-type-simple"},"_links":{"self":[{"href":"https:\/\/www.confcommerciopavia.it\/index.php?rest_route=\/wp\/v2\/product\/4095","targetHints":{"allow":["GET"]}}],"collection":[{"href":"https:\/\/www.confcommerciopavia.it\/index.php?rest_route=\/wp\/v2\/product"}],"about":[{"href":"https:\/\/www.confcommerciopavia.it\/index.php?rest_route=\/wp\/v2\/types\/product"}],"wp:featuredmedia":[{"embeddable":true,"href":"https:\/\/www.confcommerciopavia.it\/index.php?rest_route=\/wp\/v2\/media\/3634"}],"wp:attachment":[{"href":"https:\/\/www.confcommerciopavia.it\/index.php?rest_route=%2Fwp%2Fv2%2Fmedia&parent=4095"}],"wp:term":[{"taxonomy":"product_brand","embeddable":true,"href":"https:\/\/www.confcommerciopavia.it\/index.php?rest_route=%2Fwp%2Fv2%2Fproduct_brand&post=4095"},{"taxonomy":"product_cat","embeddable":true,"href":"https:\/\/www.confcommerciopavia.it\/index.php?rest_route=%2Fwp%2Fv2%2Fproduct_cat&post=4095"},{"taxonomy":"product_tag","embeddable":true,"href":"https:\/\/www.confcommerciopavia.it\/index.php?rest_route=%2Fwp%2Fv2%2Fproduct_tag&post=4095"}],"curies":[{"name":"wp","href":"https:\/\/api.w.org\/{rel}","templated":true}]}}