{"id":4103,"date":"2021-04-28T14:49:32","date_gmt":"2021-04-28T12:49:32","guid":{"rendered":"https:\/\/www.confcommerciopavia.it\/?post_type=product&#038;p=4103"},"modified":"2021-04-28T14:50:53","modified_gmt":"2021-04-28T12:50:53","slug":"definire-obiettivi-e-responsabilita-nel-team","status":"publish","type":"product","link":"https:\/\/www.confcommerciopavia.it\/?product=definire-obiettivi-e-responsabilita-nel-team","title":{"rendered":"Definire obiettivi e responsabilit\u00e0 nel team"},"content":{"rendered":"<p><\/p>\n","protected":false},"excerpt":{"rendered":"<div class=\"row padding-left-40\">\n<div class=\"catalogo-right-header-title1\">\n<div class=\"row mrg-bottom-20\">\n<p><strong>DURATA DEL CORSO: <\/strong>\u00a01 ORE<strong><br \/>MODALIT\u00c0: <\/strong>e-Learning<br \/><strong>PDF:<\/strong> <a data-mce-href=\"https:\/\/www.confcommerciopavia.it\/wp-content\/uploads\/2021\/04\/0SSK535_ASSO.pdf\" href=\"https:\/\/www.confcommerciopavia.it\/wp-content\/uploads\/2021\/04\/0SSK535_ASSO.pdf\">Scarica allegato<\/a><\/p>\n<p>Ogni individuo \u00e8 dotato di punti di forza che gli permettono di raggiungere gli obiettivi costantemente e con successo. In un ambiente di squadra tali punti di forza individuali si possono combinare per condurre l&#8217;intero team al successo, oppure possono creare conflitti e tensioni. Per sfruttare i punti di forza e le personalit\u00e0 individuali sono necessarie solide regole di base per il team. \u00c8 anche necessario assegnare ruoli e responsabilit\u00e0 per raggiungere la massima efficienza. Questo corso delinea i passaggi iniziali che devono essere compiuti nella costruzione di un team, inclusa la definizione degli obiettivi del team e l&#8217;assegnazione di ruoli ai membri individuali del team in modo che sia assicurato che la squadra raggiunga il proprio obiettivo. Il corso inoltre discute l&#8217;importanza di una piena comprensione delle proprie responsabilit\u00e0 e di come i vari ruoli collaborino per il raggiungimento dell&#8217;obiettivo.<\/p>\n<p><strong>DESTINATARI<br \/><\/strong>Dipendenti di tutti i livelli; tutti coloro che fanno parte di un team<\/p>\n<\/div>\n<\/div>\n<\/div>\n","protected":false},"featured_media":3634,"template":"","meta":[],"product_brand":[],"product_cat":[117,92],"product_tag":[182],"class_list":{"0":"post-4103","1":"product","2":"type-product","3":"status-publish","4":"has-post-thumbnail","6":"product_cat-efficacia-progettuale","7":"product_cat-softskills","8":"product_tag-efficacia-progettuale","10":"first","11":"instock","12":"taxable","13":"shipping-taxable","14":"purchasable","15":"product-type-simple"},"_links":{"self":[{"href":"https:\/\/www.confcommerciopavia.it\/index.php?rest_route=\/wp\/v2\/product\/4103","targetHints":{"allow":["GET"]}}],"collection":[{"href":"https:\/\/www.confcommerciopavia.it\/index.php?rest_route=\/wp\/v2\/product"}],"about":[{"href":"https:\/\/www.confcommerciopavia.it\/index.php?rest_route=\/wp\/v2\/types\/product"}],"wp:featuredmedia":[{"embeddable":true,"href":"https:\/\/www.confcommerciopavia.it\/index.php?rest_route=\/wp\/v2\/media\/3634"}],"wp:attachment":[{"href":"https:\/\/www.confcommerciopavia.it\/index.php?rest_route=%2Fwp%2Fv2%2Fmedia&parent=4103"}],"wp:term":[{"taxonomy":"product_brand","embeddable":true,"href":"https:\/\/www.confcommerciopavia.it\/index.php?rest_route=%2Fwp%2Fv2%2Fproduct_brand&post=4103"},{"taxonomy":"product_cat","embeddable":true,"href":"https:\/\/www.confcommerciopavia.it\/index.php?rest_route=%2Fwp%2Fv2%2Fproduct_cat&post=4103"},{"taxonomy":"product_tag","embeddable":true,"href":"https:\/\/www.confcommerciopavia.it\/index.php?rest_route=%2Fwp%2Fv2%2Fproduct_tag&post=4103"}],"curies":[{"name":"wp","href":"https:\/\/api.w.org\/{rel}","templated":true}]}}