{"id":4105,"date":"2021-04-28T14:51:09","date_gmt":"2021-04-28T12:51:09","guid":{"rendered":"https:\/\/www.confcommerciopavia.it\/?post_type=product&#038;p=4105"},"modified":"2021-04-28T14:52:25","modified_gmt":"2021-04-28T12:52:25","slug":"elementi-di-un-team-coeso","status":"publish","type":"product","link":"https:\/\/www.confcommerciopavia.it\/?product=elementi-di-un-team-coeso","title":{"rendered":"Elementi di un team coeso"},"content":{"rendered":"<p><\/p>\n","protected":false},"excerpt":{"rendered":"<div class=\"row padding-left-40\">\n<div class=\"catalogo-right-header-title1\">\n<div class=\"row mrg-bottom-20\">\n<p><strong>DURATA DEL CORSO: <\/strong>\u00a01 ORE<strong><br \/>MODALIT\u00c0: <\/strong>e-Learning<br \/><strong>PDF:<\/strong> <a data-mce-href=\"https:\/\/www.confcommerciopavia.it\/wp-content\/uploads\/2021\/04\/0SSK536_ASSO.pdf\" href=\"https:\/\/www.confcommerciopavia.it\/wp-content\/uploads\/2021\/04\/0SSK536_ASSO.pdf\">Scarica allegato<\/a><\/p>\n<p>Tre elementi sono sempre presenti in qualsiasi team efficace e coeso: comunicazioni aperte, cooperazione e fiducia. Come i canapi di una corda, tali elementi tengono insieme il team e gli danno forza. Senza questi elementi i membri del team non parteciperanno completamente alle attivit\u00e0 del team e non troveranno completa soddisfazione nel proprio lavoro. Quando la fiducia e le comunicazioni aperte sono presenti, le idee scorrono e gli individui trovano soluzioni ai problemi. Quando c&#8217;\u00e8 cooperazione, i membri del team si sentono collegati gli uni con gli altri e il morale \u00e8 elevato. Questo corso introduce le tecniche utilizzate per la costruzione di un team coeso e sottolinea come la scarsa comunicazione, un&#8217;atmosfera mancante di fiducia e una mancanza di cooperazione fra i membri del team conducano all&#8217;impossibilit\u00e0 per il team di raggiungere i propri obiettivi. Questo corso si occupa di ci\u00f2 che deve avvenire per far s\u00ec che si raggiunga una vera unit\u00e0 e coesione, che a loro volta porteranno il team a nuovi livelli.<\/p>\n<p><strong>DESTINATARI<br \/><\/strong>Dipendenti di tutti i livelli; tutti coloro che fanno parte di un team<\/p>\n<\/div>\n<\/div>\n<\/div>\n","protected":false},"featured_media":3634,"template":"","meta":[],"product_brand":[],"product_cat":[117,92],"product_tag":[182],"class_list":{"0":"post-4105","1":"product","2":"type-product","3":"status-publish","4":"has-post-thumbnail","6":"product_cat-efficacia-progettuale","7":"product_cat-softskills","8":"product_tag-efficacia-progettuale","10":"first","11":"instock","12":"taxable","13":"shipping-taxable","14":"purchasable","15":"product-type-simple"},"_links":{"self":[{"href":"https:\/\/www.confcommerciopavia.it\/index.php?rest_route=\/wp\/v2\/product\/4105","targetHints":{"allow":["GET"]}}],"collection":[{"href":"https:\/\/www.confcommerciopavia.it\/index.php?rest_route=\/wp\/v2\/product"}],"about":[{"href":"https:\/\/www.confcommerciopavia.it\/index.php?rest_route=\/wp\/v2\/types\/product"}],"wp:featuredmedia":[{"embeddable":true,"href":"https:\/\/www.confcommerciopavia.it\/index.php?rest_route=\/wp\/v2\/media\/3634"}],"wp:attachment":[{"href":"https:\/\/www.confcommerciopavia.it\/index.php?rest_route=%2Fwp%2Fv2%2Fmedia&parent=4105"}],"wp:term":[{"taxonomy":"product_brand","embeddable":true,"href":"https:\/\/www.confcommerciopavia.it\/index.php?rest_route=%2Fwp%2Fv2%2Fproduct_brand&post=4105"},{"taxonomy":"product_cat","embeddable":true,"href":"https:\/\/www.confcommerciopavia.it\/index.php?rest_route=%2Fwp%2Fv2%2Fproduct_cat&post=4105"},{"taxonomy":"product_tag","embeddable":true,"href":"https:\/\/www.confcommerciopavia.it\/index.php?rest_route=%2Fwp%2Fv2%2Fproduct_tag&post=4105"}],"curies":[{"name":"wp","href":"https:\/\/api.w.org\/{rel}","templated":true}]}}