{"id":4110,"date":"2021-04-28T14:55:18","date_gmt":"2021-04-28T12:55:18","guid":{"rendered":"https:\/\/www.confcommerciopavia.it\/?post_type=product&#038;p=4110"},"modified":"2021-04-28T14:56:19","modified_gmt":"2021-04-28T12:56:19","slug":"usare-il-feedback-per-migliorare-la-prestazione-del-team","status":"publish","type":"product","link":"https:\/\/www.confcommerciopavia.it\/?product=usare-il-feedback-per-migliorare-la-prestazione-del-team","title":{"rendered":"Usare il feedback per migliorare la prestazione del team"},"content":{"rendered":"<p><\/p>\n","protected":false},"excerpt":{"rendered":"<div class=\"row padding-left-40\">\n<div class=\"catalogo-right-header-title1\">\n<div class=\"row mrg-bottom-20\">\n<p><strong>DURATA DEL CORSO: <\/strong>\u00a01 ORE<strong><br \/>MODALIT\u00c0: <\/strong>e-Learning<br \/><strong>PDF:<\/strong> <a data-mce-href=\"https:\/\/www.confcommerciopavia.it\/wp-content\/uploads\/2021\/04\/0SSK538_ASSO.pdf\" href=\"https:\/\/www.confcommerciopavia.it\/wp-content\/uploads\/2021\/04\/0SSK538_ASSO.pdf\">Scarica allegato<\/a><\/p>\n<p>Una componente cruciale di una prestazione del team ottimale \u00e8 la capacit\u00e0 di tutti i membri del team di esprimere apertamente le proprie idee, i propri traguardi e i propri bisogni, nonch\u00e9 condividere i pensieri relativi alle prestazioni degli altri, sia negativi che positivi. Lo stesso principio vale per quanto riguarda il feedback. \u00c8 molto meglio udire direttamente la verit\u00e0 piuttosto di presupporre che la propria prestazione sia la migliore possibile. In questo corso si apprender\u00e0 come fornire feedback ad altri membri del team utilizzando uno stile diretto, onesto e assertivo che cerca di eliminare le incertezze. Si apprenderanno inoltre le tecniche per ricevere ed elaborare il feedback fornito da altri membri del team. La padronanza di questo ciclo di feedback fornisce un&#8217;opportunit\u00e0 di crescita individuale e migliora la prestazione complessiva del team.<\/p>\n<p><strong>DESTINATARI<br \/><\/strong>Dipendenti di tutti i livelli; tutti coloro che fanno parte di un team<\/p>\n<\/div>\n<\/div>\n<\/div>\n","protected":false},"featured_media":3634,"template":"","meta":[],"product_brand":[],"product_cat":[117,92],"product_tag":[182],"class_list":{"0":"post-4110","1":"product","2":"type-product","3":"status-publish","4":"has-post-thumbnail","6":"product_cat-efficacia-progettuale","7":"product_cat-softskills","8":"product_tag-efficacia-progettuale","10":"first","11":"instock","12":"taxable","13":"shipping-taxable","14":"purchasable","15":"product-type-simple"},"_links":{"self":[{"href":"https:\/\/www.confcommerciopavia.it\/index.php?rest_route=\/wp\/v2\/product\/4110","targetHints":{"allow":["GET"]}}],"collection":[{"href":"https:\/\/www.confcommerciopavia.it\/index.php?rest_route=\/wp\/v2\/product"}],"about":[{"href":"https:\/\/www.confcommerciopavia.it\/index.php?rest_route=\/wp\/v2\/types\/product"}],"wp:featuredmedia":[{"embeddable":true,"href":"https:\/\/www.confcommerciopavia.it\/index.php?rest_route=\/wp\/v2\/media\/3634"}],"wp:attachment":[{"href":"https:\/\/www.confcommerciopavia.it\/index.php?rest_route=%2Fwp%2Fv2%2Fmedia&parent=4110"}],"wp:term":[{"taxonomy":"product_brand","embeddable":true,"href":"https:\/\/www.confcommerciopavia.it\/index.php?rest_route=%2Fwp%2Fv2%2Fproduct_brand&post=4110"},{"taxonomy":"product_cat","embeddable":true,"href":"https:\/\/www.confcommerciopavia.it\/index.php?rest_route=%2Fwp%2Fv2%2Fproduct_cat&post=4110"},{"taxonomy":"product_tag","embeddable":true,"href":"https:\/\/www.confcommerciopavia.it\/index.php?rest_route=%2Fwp%2Fv2%2Fproduct_tag&post=4110"}],"curies":[{"name":"wp","href":"https:\/\/api.w.org\/{rel}","templated":true}]}}