{"id":4112,"date":"2021-04-28T14:56:25","date_gmt":"2021-04-28T12:56:25","guid":{"rendered":"https:\/\/www.confcommerciopavia.it\/?post_type=product&#038;p=4112"},"modified":"2021-04-28T15:00:31","modified_gmt":"2021-04-28T13:00:31","slug":"prospecting-la-caccia-alloro-nelle-vendite","status":"publish","type":"product","link":"https:\/\/www.confcommerciopavia.it\/?product=prospecting-la-caccia-alloro-nelle-vendite","title":{"rendered":"Prospecting: la caccia all&#8217;oro nelle vendite"},"content":{"rendered":"<p><\/p>\n","protected":false},"excerpt":{"rendered":"<div class=\"row padding-left-40\">\n<div class=\"catalogo-right-header-title1\">\n<div class=\"row mrg-bottom-20\">\n<p><strong>DURATA DEL CORSO: <\/strong>\u00a00,40 ORE<strong><br \/>MODALIT\u00c0: <\/strong>e-Learning<br \/><strong>PDF:<\/strong> <a data-mce-href=\"https:\/\/www.confcommerciopavia.it\/wp-content\/uploads\/2021\/04\/0SSK539_ASSO.pdf\" href=\"https:\/\/www.confcommerciopavia.it\/wp-content\/uploads\/2021\/04\/0SSK539_ASSO.pdf\">Scarica allegato<\/a><\/p>\n<p>L&#8217;arte del sales prospecting \u00e8 una competenza essenziale per i professionisti delle vendite, anche con tutte le tecnologie e gli strumenti disponibili oggi. I professionisti che hanno successo nelle vendite riconoscono che il prospecting \u00e8 la chiave che apre le porte a un processo di vendita vincente. Questo corso consentir\u00e0 di acquisire una mentalit\u00e0 adatta al prospecting e di utilizzare gli strumenti per la creazione di una selezione di prospect di alto livello. S&#8217;imparer\u00e0 anche a predisporre una proposta di valore e a rispondere in modo appropriato ai prospect in un incontro faccia a faccia.<\/p>\n<p><strong>DESTINATARI<br \/><\/strong>Coloro che desiderano acquisire le nozioni iniziali delle tecniche di vendita di base e chiunque voglia sviluppare o perfezionare le proprie competenze di vendita.<\/p>\n<\/div>\n<\/div>\n<\/div>\n","protected":false},"featured_media":3634,"template":"","meta":[],"product_brand":[],"product_cat":[92,121],"product_tag":[183],"class_list":{"0":"post-4112","1":"product","2":"type-product","3":"status-publish","4":"has-post-thumbnail","6":"product_cat-softskills","7":"product_cat-vendita-e-cura-del-cliente","8":"product_tag-vendita-e-cura-del-cliente","10":"first","11":"instock","12":"taxable","13":"shipping-taxable","14":"purchasable","15":"product-type-simple"},"_links":{"self":[{"href":"https:\/\/www.confcommerciopavia.it\/index.php?rest_route=\/wp\/v2\/product\/4112","targetHints":{"allow":["GET"]}}],"collection":[{"href":"https:\/\/www.confcommerciopavia.it\/index.php?rest_route=\/wp\/v2\/product"}],"about":[{"href":"https:\/\/www.confcommerciopavia.it\/index.php?rest_route=\/wp\/v2\/types\/product"}],"wp:featuredmedia":[{"embeddable":true,"href":"https:\/\/www.confcommerciopavia.it\/index.php?rest_route=\/wp\/v2\/media\/3634"}],"wp:attachment":[{"href":"https:\/\/www.confcommerciopavia.it\/index.php?rest_route=%2Fwp%2Fv2%2Fmedia&parent=4112"}],"wp:term":[{"taxonomy":"product_brand","embeddable":true,"href":"https:\/\/www.confcommerciopavia.it\/index.php?rest_route=%2Fwp%2Fv2%2Fproduct_brand&post=4112"},{"taxonomy":"product_cat","embeddable":true,"href":"https:\/\/www.confcommerciopavia.it\/index.php?rest_route=%2Fwp%2Fv2%2Fproduct_cat&post=4112"},{"taxonomy":"product_tag","embeddable":true,"href":"https:\/\/www.confcommerciopavia.it\/index.php?rest_route=%2Fwp%2Fv2%2Fproduct_tag&post=4112"}],"curies":[{"name":"wp","href":"https:\/\/api.w.org\/{rel}","templated":true}]}}