{"id":4114,"date":"2021-04-28T14:58:30","date_gmt":"2021-04-28T12:58:30","guid":{"rendered":"https:\/\/www.confcommerciopavia.it\/?post_type=product&#038;p=4114"},"modified":"2021-04-28T15:00:10","modified_gmt":"2021-04-28T13:00:10","slug":"incontro-esplorativo-partire-con-il-piede-giusto","status":"publish","type":"product","link":"https:\/\/www.confcommerciopavia.it\/?product=incontro-esplorativo-partire-con-il-piede-giusto","title":{"rendered":"Incontro esplorativo. Partire con il piede giusto."},"content":{"rendered":"<p><\/p>\n","protected":false},"excerpt":{"rendered":"<div class=\"row padding-left-40\">\n<div class=\"catalogo-right-header-title1\">\n<div class=\"row mrg-bottom-20\">\n<p><strong>DURATA DEL CORSO: <\/strong>\u00a00,40 ORE<strong><br \/>MODALIT\u00c0: <\/strong>e-Learning<br \/><strong>PDF:<\/strong> <a data-mce-href=\"https:\/\/www.confcommerciopavia.it\/wp-content\/uploads\/2021\/04\/0SSK540_ASSO.pdf\" href=\"https:\/\/www.confcommerciopavia.it\/wp-content\/uploads\/2021\/04\/0SSK540_ASSO.pdf\">Scarica allegato<\/a><\/p>\n<p>Gli incontri esplorativi rappresentano una delle prime occasioni nell&#8217;ambito del processo di vendita per creare credibilit\u00e0, slancio e fiducia. Consentono di approfondire la conoscenza dei problemi e delle opportunit\u00e0 dei clienti. Se svolti in modo efficace, stimolano nel prospect la curiosit\u00e0 verso le soluzioni offerte. In questo corso l&#8217;utente apprender\u00e0 come prepararsi per un incontro esplorativo, come ottenerlo e come comportarsi quando ci si trova di fronte al cliente. Le competenze apprese permetteranno di mantenere il giusto livello di fiducia, evitare sorprese ed entrare in contatto con il potenziale cliente nel modo appropriato.<\/p>\n<p><strong>DESTINATARI<br \/><\/strong>Persone che desiderano acquisire una conoscenza preliminare delle tecniche di vendita di base e chiunque voglia sviluppare o perfezionare le proprie competenze di vendita.<\/p>\n<\/div>\n<\/div>\n<\/div>\n","protected":false},"featured_media":3634,"template":"","meta":[],"product_brand":[],"product_cat":[92,121],"product_tag":[183],"class_list":{"0":"post-4114","1":"product","2":"type-product","3":"status-publish","4":"has-post-thumbnail","6":"product_cat-softskills","7":"product_cat-vendita-e-cura-del-cliente","8":"product_tag-vendita-e-cura-del-cliente","10":"first","11":"instock","12":"taxable","13":"shipping-taxable","14":"purchasable","15":"product-type-simple"},"_links":{"self":[{"href":"https:\/\/www.confcommerciopavia.it\/index.php?rest_route=\/wp\/v2\/product\/4114","targetHints":{"allow":["GET"]}}],"collection":[{"href":"https:\/\/www.confcommerciopavia.it\/index.php?rest_route=\/wp\/v2\/product"}],"about":[{"href":"https:\/\/www.confcommerciopavia.it\/index.php?rest_route=\/wp\/v2\/types\/product"}],"wp:featuredmedia":[{"embeddable":true,"href":"https:\/\/www.confcommerciopavia.it\/index.php?rest_route=\/wp\/v2\/media\/3634"}],"wp:attachment":[{"href":"https:\/\/www.confcommerciopavia.it\/index.php?rest_route=%2Fwp%2Fv2%2Fmedia&parent=4114"}],"wp:term":[{"taxonomy":"product_brand","embeddable":true,"href":"https:\/\/www.confcommerciopavia.it\/index.php?rest_route=%2Fwp%2Fv2%2Fproduct_brand&post=4114"},{"taxonomy":"product_cat","embeddable":true,"href":"https:\/\/www.confcommerciopavia.it\/index.php?rest_route=%2Fwp%2Fv2%2Fproduct_cat&post=4114"},{"taxonomy":"product_tag","embeddable":true,"href":"https:\/\/www.confcommerciopavia.it\/index.php?rest_route=%2Fwp%2Fv2%2Fproduct_tag&post=4114"}],"curies":[{"name":"wp","href":"https:\/\/api.w.org\/{rel}","templated":true}]}}