{"id":4116,"date":"2021-04-28T15:00:46","date_gmt":"2021-04-28T13:00:46","guid":{"rendered":"https:\/\/www.confcommerciopavia.it\/?post_type=product&#038;p=4116"},"modified":"2021-04-28T15:02:05","modified_gmt":"2021-04-28T13:02:05","slug":"trasformazione-dellobiezione-in-opportunita-durante-una-vendita-telefonica","status":"publish","type":"product","link":"https:\/\/www.confcommerciopavia.it\/?product=trasformazione-dellobiezione-in-opportunita-durante-una-vendita-telefonica","title":{"rendered":"Trasformazione dell&#8217;obiezione in opportunit\u00e0 durante una vendita telefonica"},"content":{"rendered":"<p><\/p>\n","protected":false},"excerpt":{"rendered":"<div class=\"row padding-left-40\">\n<div class=\"catalogo-right-header-title1\">\n<div class=\"row mrg-bottom-20\">\n<p><strong>DURATA DEL CORSO: <\/strong>\u00a00,40 ORE<strong><br \/>MODALIT\u00c0: <\/strong>e-Learning<br \/><strong>PDF:<\/strong> <a data-mce-href=\"https:\/\/www.confcommerciopavia.it\/wp-content\/uploads\/2021\/04\/0SSK541_ASSO.pdf\" href=\"https:\/\/www.confcommerciopavia.it\/wp-content\/uploads\/2021\/04\/0SSK541_ASSO.pdf\">Scarica allegato<\/a><\/p>\n<p>In un ambiente di vendita in cui i clienti sono ben informati, estremamente connessi e tecnicamente competenti, i professionisti delle vendite devono essere preparati a trattare con acquirenti esperti e a gestire tutte le problematiche che pongono. Per fronteggiare le sfide di questa nuova generazione di clienti, \u00e8 necessario accogliere domande, obiezioni e resistenze, considerandole come opportunit\u00e0 e acquisire le competenze necessarie per sfruttarle al meglio. Questo corso \u00e8 stato ideato per prepararti alle obiezioni che possono capitare durante le interazioni di vendita e all&#8217;uso di tecniche adeguate per gestire domande, obiezioni e resistenza.<\/p>\n<p><strong>DESTINATARI<br \/><\/strong>Persone che desiderano acquisire una conoscenza preliminare delle tecniche di vendita di base e chiunque voglia sviluppare o perfezionare le proprie competenze di vendita<\/p>\n<\/div>\n<\/div>\n<\/div>\n","protected":false},"featured_media":3634,"template":"","meta":[],"product_brand":[],"product_cat":[92,121],"product_tag":[183],"class_list":{"0":"post-4116","1":"product","2":"type-product","3":"status-publish","4":"has-post-thumbnail","6":"product_cat-softskills","7":"product_cat-vendita-e-cura-del-cliente","8":"product_tag-vendita-e-cura-del-cliente","10":"first","11":"instock","12":"taxable","13":"shipping-taxable","14":"purchasable","15":"product-type-simple"},"_links":{"self":[{"href":"https:\/\/www.confcommerciopavia.it\/index.php?rest_route=\/wp\/v2\/product\/4116","targetHints":{"allow":["GET"]}}],"collection":[{"href":"https:\/\/www.confcommerciopavia.it\/index.php?rest_route=\/wp\/v2\/product"}],"about":[{"href":"https:\/\/www.confcommerciopavia.it\/index.php?rest_route=\/wp\/v2\/types\/product"}],"wp:featuredmedia":[{"embeddable":true,"href":"https:\/\/www.confcommerciopavia.it\/index.php?rest_route=\/wp\/v2\/media\/3634"}],"wp:attachment":[{"href":"https:\/\/www.confcommerciopavia.it\/index.php?rest_route=%2Fwp%2Fv2%2Fmedia&parent=4116"}],"wp:term":[{"taxonomy":"product_brand","embeddable":true,"href":"https:\/\/www.confcommerciopavia.it\/index.php?rest_route=%2Fwp%2Fv2%2Fproduct_brand&post=4116"},{"taxonomy":"product_cat","embeddable":true,"href":"https:\/\/www.confcommerciopavia.it\/index.php?rest_route=%2Fwp%2Fv2%2Fproduct_cat&post=4116"},{"taxonomy":"product_tag","embeddable":true,"href":"https:\/\/www.confcommerciopavia.it\/index.php?rest_route=%2Fwp%2Fv2%2Fproduct_tag&post=4116"}],"curies":[{"name":"wp","href":"https:\/\/api.w.org\/{rel}","templated":true}]}}