{"id":4143,"date":"2021-04-28T16:26:19","date_gmt":"2021-04-28T14:26:19","guid":{"rendered":"https:\/\/www.confcommerciopavia.it\/?post_type=product&#038;p=4143"},"modified":"2021-04-28T16:36:48","modified_gmt":"2021-04-28T14:36:48","slug":"business-english","status":"publish","type":"product","link":"https:\/\/www.confcommerciopavia.it\/?product=business-english","title":{"rendered":"Business English"},"content":{"rendered":"<p><\/p>\n","protected":false},"excerpt":{"rendered":"<div class=\"row padding-left-40\">\n<div class=\"catalogo-right-header-title1\">\n<div class=\"row mrg-bottom-20\">\n<p><strong>DURATA DEL CORSO: <\/strong>\u00a0100 ORE<strong><br \/>MODALIT\u00c0: <\/strong>e-Learning<\/p>\n<p>Questo corso \u00e8 rivolto a tutti gli studenti e professionisti che vogliono imparare l\u0092inglese commerciale o specialistico!<\/p>\n<p>Il corso \u00e8 diviso in 24 livelli. Ogni livello \u00e8 a sua volta composta da 4 lesson.<br \/>&#8211; Lesson 1: questa prima lezione, propedeutica alla fruizione del video, si compone di 6 esercizi<br \/>&#8211; Lesson 2: si struttura in una serie di stimoli \u0096 messaggi audio, documenti, lettere, e-mail \u0096 funzionali alla risoluzione di un esercizio<br \/>&#8211; Lesson 3: contiene per intero una delle 24 puntate video della Business Comedy e 4 esercizi relativi<br \/>&#8211; Lesson 4: in questa ultima parte potrai leggere un articolo tratto da un giornale o da un sito internet di cui potrai verificare la comprensione tramite i 5 esercizi proposti.<\/p>\n<p>Ciascuna Lesson sviluppa gli argomenti affrontati nella puntata video proposta. \u00c8 pertanto consigliabile seguire l&#8217;ordine in cui sono presentate le Lesson e i relativi esercizi, per potersi orientare e svolgere il corso in modo proficuo.<\/p>\n<p>Anche in questo caso le attivit\u00e0 svolte saranno registrate nella sezione I MIEI PROGRESSI, dove si potr\u00e0 sempre verificare quali attivit\u00e0 sono state gi\u00e0 affrontate e con quali risultati.<\/p>\n<p><strong>CASE STUDIES<br \/><\/strong>I Case Studies sono lezioni di approfondimento, basate su un dilemma aziendale. Sono in tutto 8 e ti consentiranno di approfondire la conoscenza della lingua inglese in un settore specifico della vita professionale a partire da settori specifici come Risorse Umane, Marketing, It, Import-Export, Logistica<\/p>\n<\/div>\n<\/div>\n<\/div>\n","protected":false},"featured_media":3531,"template":"","meta":[],"product_brand":[],"product_cat":[128,95],"product_tag":[184],"class_list":{"0":"post-4143","1":"product","2":"type-product","3":"status-publish","4":"has-post-thumbnail","6":"product_cat-inglese","7":"product_cat-lingue","8":"product_tag-lingua-inglese","10":"first","11":"instock","12":"taxable","13":"shipping-taxable","14":"purchasable","15":"product-type-simple"},"_links":{"self":[{"href":"https:\/\/www.confcommerciopavia.it\/index.php?rest_route=\/wp\/v2\/product\/4143","targetHints":{"allow":["GET"]}}],"collection":[{"href":"https:\/\/www.confcommerciopavia.it\/index.php?rest_route=\/wp\/v2\/product"}],"about":[{"href":"https:\/\/www.confcommerciopavia.it\/index.php?rest_route=\/wp\/v2\/types\/product"}],"wp:featuredmedia":[{"embeddable":true,"href":"https:\/\/www.confcommerciopavia.it\/index.php?rest_route=\/wp\/v2\/media\/3531"}],"wp:attachment":[{"href":"https:\/\/www.confcommerciopavia.it\/index.php?rest_route=%2Fwp%2Fv2%2Fmedia&parent=4143"}],"wp:term":[{"taxonomy":"product_brand","embeddable":true,"href":"https:\/\/www.confcommerciopavia.it\/index.php?rest_route=%2Fwp%2Fv2%2Fproduct_brand&post=4143"},{"taxonomy":"product_cat","embeddable":true,"href":"https:\/\/www.confcommerciopavia.it\/index.php?rest_route=%2Fwp%2Fv2%2Fproduct_cat&post=4143"},{"taxonomy":"product_tag","embeddable":true,"href":"https:\/\/www.confcommerciopavia.it\/index.php?rest_route=%2Fwp%2Fv2%2Fproduct_tag&post=4143"}],"curies":[{"name":"wp","href":"https:\/\/api.w.org\/{rel}","templated":true}]}}