{"id":4245,"date":"2021-04-29T15:47:06","date_gmt":"2021-04-29T13:47:06","guid":{"rendered":"https:\/\/www.confcommerciopavia.it\/?post_type=product&#038;p=4245"},"modified":"2021-04-29T15:48:51","modified_gmt":"2021-04-29T13:48:51","slug":"formazione-e-certificazione-mos-microsoft-office-specialist-word","status":"publish","type":"product","link":"https:\/\/www.confcommerciopavia.it\/?product=formazione-e-certificazione-mos-microsoft-office-specialist-word","title":{"rendered":"Formazione e Certificazione MOS Microsoft Office Specialist Word"},"content":{"rendered":"<p><\/p>\n","protected":false},"excerpt":{"rendered":"<div class=\"row padding-left-40\">\n<div class=\"catalogo-right-header-title1\">\n<div class=\"row mrg-bottom-20\">\n<p><strong>DURATA DEL CORSO: <\/strong>\u00a08 ORE<strong><br \/>MODALIT\u00c0: <\/strong>e-Learning<br \/><strong>PDF:<\/strong> <a data-mce-href=\"https:\/\/www.confcommerciopavia.it\/wp-content\/uploads\/2021\/04\/3DOC103_ASSO.pdf\" href=\"https:\/\/www.confcommerciopavia.it\/wp-content\/uploads\/2021\/04\/3DOC103_ASSO.pdf\">Scarica allegato<\/a><\/p>\n<p>Vuoi acquisire nuove skills informatiche e conseguire una Certificazione Microsoft Word per migliorare il tuo profilo professionale o ottenere punteggi aggiuntivi nelle graduatorie e nei pubblici?<\/p>\n<p>ISCRIVITI AL CORSO MICROSOFT OFFICE SPECIALIST WORD IN FAD E OTTIENI LA CERTIFICAZIONE MOS WORD<\/p>\n<p>Con la Formazione a Distanza potrai studiare e analizzare i contenuti della didattica in qualsiasi momento, quando e dove vuoi. L&#8217;Esame per la Certificazione avverr\u00e0 online.<\/p>\n<p>Il corso proposto di Microsoft Word \u00e8 rivolto a tutti coloro che vogliono apprendere le funzioni principali del software, al fine di conseguire la certificazione MOS Word.<\/p>\n<p>Verranno trattati argomenti come realizzare creare dei documenti, la formattazione e l&#8217;impaginazione in modo semplice e chiaro. Il corso \u00e8 volto a far apprendere ed acquisire le competenze di Word, indispensabili al superamento del relativo esame MOS.<\/p>\n<p>La certificazione ha piena validit\u00e0 in diversi contesti lavorativi e scolastici, nonch\u00e9 in quasi tutti i concorsi pubblici. Pu\u00f2 quindi costituire crediti e punteggio, aumentando le proprie opportunit\u00e0 lavorative e di carriera.<\/p>\n<\/div>\n<\/div>\n<\/div>\n","protected":false},"featured_media":3535,"template":"","meta":[],"product_brand":[],"product_cat":[142,99],"product_tag":[197],"class_list":{"0":"post-4245","1":"product","2":"type-product","3":"status-publish","4":"has-post-thumbnail","6":"product_cat-corsi-con-certificazione","7":"product_cat-informatica","8":"product_tag-corsi-informatica-con-certificazione","10":"first","11":"instock","12":"taxable","13":"shipping-taxable","14":"purchasable","15":"product-type-simple"},"_links":{"self":[{"href":"https:\/\/www.confcommerciopavia.it\/index.php?rest_route=\/wp\/v2\/product\/4245","targetHints":{"allow":["GET"]}}],"collection":[{"href":"https:\/\/www.confcommerciopavia.it\/index.php?rest_route=\/wp\/v2\/product"}],"about":[{"href":"https:\/\/www.confcommerciopavia.it\/index.php?rest_route=\/wp\/v2\/types\/product"}],"wp:featuredmedia":[{"embeddable":true,"href":"https:\/\/www.confcommerciopavia.it\/index.php?rest_route=\/wp\/v2\/media\/3535"}],"wp:attachment":[{"href":"https:\/\/www.confcommerciopavia.it\/index.php?rest_route=%2Fwp%2Fv2%2Fmedia&parent=4245"}],"wp:term":[{"taxonomy":"product_brand","embeddable":true,"href":"https:\/\/www.confcommerciopavia.it\/index.php?rest_route=%2Fwp%2Fv2%2Fproduct_brand&post=4245"},{"taxonomy":"product_cat","embeddable":true,"href":"https:\/\/www.confcommerciopavia.it\/index.php?rest_route=%2Fwp%2Fv2%2Fproduct_cat&post=4245"},{"taxonomy":"product_tag","embeddable":true,"href":"https:\/\/www.confcommerciopavia.it\/index.php?rest_route=%2Fwp%2Fv2%2Fproduct_tag&post=4245"}],"curies":[{"name":"wp","href":"https:\/\/api.w.org\/{rel}","templated":true}]}}